{"id":53612,"date":"2025-09-04T18:26:19","date_gmt":"2025-09-04T18:26:19","guid":{"rendered":"https:\/\/francobachot.com.br\/?post_type=product&#038;p=53612"},"modified":"2025-10-13T19:57:17","modified_gmt":"2025-10-13T19:57:17","slug":"banqueta-magna-com-encosto-em-madeira","status":"publish","type":"product","link":"https:\/\/francobachot.com.br\/es\/producto\/banqueta-magna-com-encosto-em-madeira\/","title":{"rendered":"Banqueta Magna com encosto em madeira"},"content":{"rendered":"<p><em>Las im\u00e1genes del sitio web son meramente ilustrativas y pueden no representar con precisi\u00f3n los colores de los acabados de los muebles.<\/em><br \/>\n<em>* Antes de realizar su compra, consulte las muestras f\u00edsicas de acabados, y valide las especificaciones t\u00e9cnicas e informaci\u00f3n <\/em><em>necesario con un representante del\u00a0<strong>Franco Bachot.<\/strong><\/em><\/p>","protected":false},"excerpt":{"rendered":"<p class=\"p1\"><i>Estrutura em madeira maci\u00e7a de tauari. <\/i><i>Encosto moldado em madeira multilaminada. <\/i><i>Estrutura fixada pelo sistema de espiga e cantoneiras para maior <\/i><i>resistencia e estabilidade. <\/i><i>Assento estofado revestido nos padr\u00f5es FB. <\/i><i>Espuma densidade 28.<\/i><\/p>\n<p class=\"p1\"><i>Pintura nos padr\u00f5es dispon\u00edveis pela FB.<\/i><\/p>\n<p class=\"p1\"><i>Apoio de p\u00e9s em chapa de a\u00e7o carbono com pintura na cor preta.<\/i><\/p>\n<p class=\"p1\"><i>Possui sapatas deslizadoras.<\/i><\/p>\n<p><strong>Dimensiones:<br \/>\n<\/strong><\/p>\n<figure id=\"attachment_43237\" aria-describedby=\"caption-attachment-43237\" style=\"width: 65px\" class=\"wp-caption alignleft\"><img decoding=\"async\" class=\"wp-image-43237\" src=\"https:\/\/francobachot.com.br\/wp-content\/uploads\/2021\/01\/altura-7.jpg\" alt=\"\" width=\"65\" height=\"65\" srcset=\"https:\/\/francobachot.com.br\/wp-content\/uploads\/2021\/01\/altura-7.jpg 1000w, https:\/\/francobachot.com.br\/wp-content\/uploads\/2021\/01\/altura-7-300x300.jpg 300w, https:\/\/francobachot.com.br\/wp-content\/uploads\/2021\/01\/altura-7-150x150.jpg 150w, https:\/\/francobachot.com.br\/wp-content\/uploads\/2021\/01\/altura-7-768x768.jpg 768w, https:\/\/francobachot.com.br\/wp-content\/uploads\/2021\/01\/altura-7-360x360.jpg 360w, https:\/\/francobachot.com.br\/wp-content\/uploads\/2021\/01\/altura-7-400x400.jpg 400w, https:\/\/francobachot.com.br\/wp-content\/uploads\/2021\/01\/altura-7-100x100.jpg 100w, https:\/\/francobachot.com.br\/wp-content\/uploads\/2021\/01\/altura-7-250x250.jpg 250w, https:\/\/francobachot.com.br\/wp-content\/uploads\/2021\/01\/altura-7-140x140.jpg 140w, https:\/\/francobachot.com.br\/wp-content\/uploads\/2021\/01\/altura-7-110x110.jpg 110w, https:\/\/francobachot.com.br\/wp-content\/uploads\/2021\/01\/altura-7-275x275.jpg 275w, https:\/\/francobachot.com.br\/wp-content\/uploads\/2021\/01\/altura-7-800x800.jpg 800w, https:\/\/francobachot.com.br\/wp-content\/uploads\/2021\/01\/altura-7-550x550.jpg 550w\" sizes=\"(max-width: 65px) 100vw, 65px\" \/><figcaption id=\"caption-attachment-43237\" class=\"wp-caption-text\">1040 mm<\/figcaption><\/figure>\n<figure id=\"attachment_43238\" aria-describedby=\"caption-attachment-43238\" style=\"width: 65px\" class=\"wp-caption alignleft\"><img decoding=\"async\" class=\"wp-image-43238\" src=\"https:\/\/francobachot.com.br\/wp-content\/uploads\/2021\/01\/largura-7.jpg\" alt=\"\" width=\"65\" height=\"65\" srcset=\"https:\/\/francobachot.com.br\/wp-content\/uploads\/2021\/01\/largura-7.jpg 1000w, https:\/\/francobachot.com.br\/wp-content\/uploads\/2021\/01\/largura-7-300x300.jpg 300w, https:\/\/francobachot.com.br\/wp-content\/uploads\/2021\/01\/largura-7-150x150.jpg 150w, https:\/\/francobachot.com.br\/wp-content\/uploads\/2021\/01\/largura-7-768x768.jpg 768w, https:\/\/francobachot.com.br\/wp-content\/uploads\/2021\/01\/largura-7-360x360.jpg 360w, https:\/\/francobachot.com.br\/wp-content\/uploads\/2021\/01\/largura-7-400x400.jpg 400w, https:\/\/francobachot.com.br\/wp-content\/uploads\/2021\/01\/largura-7-100x100.jpg 100w, https:\/\/francobachot.com.br\/wp-content\/uploads\/2021\/01\/largura-7-250x250.jpg 250w, https:\/\/francobachot.com.br\/wp-content\/uploads\/2021\/01\/largura-7-140x140.jpg 140w, https:\/\/francobachot.com.br\/wp-content\/uploads\/2021\/01\/largura-7-110x110.jpg 110w, https:\/\/francobachot.com.br\/wp-content\/uploads\/2021\/01\/largura-7-275x275.jpg 275w, https:\/\/francobachot.com.br\/wp-content\/uploads\/2021\/01\/largura-7-800x800.jpg 800w, https:\/\/francobachot.com.br\/wp-content\/uploads\/2021\/01\/largura-7-550x550.jpg 550w\" sizes=\"(max-width: 65px) 100vw, 65px\" \/><figcaption id=\"caption-attachment-43238\" class=\"wp-caption-text\">450 mm<\/figcaption><\/figure>\n<figure id=\"attachment_43231\" aria-describedby=\"caption-attachment-43231\" style=\"width: 65px\" class=\"wp-caption alignleft\"><img decoding=\"async\" class=\"wp-image-43231\" src=\"https:\/\/francobachot.com.br\/wp-content\/uploads\/2016\/07\/profundidade-2.jpg\" alt=\"\" width=\"65\" height=\"65\" srcset=\"https:\/\/francobachot.com.br\/wp-content\/uploads\/2016\/07\/profundidade-2.jpg 1000w, https:\/\/francobachot.com.br\/wp-content\/uploads\/2016\/07\/profundidade-2-300x300.jpg 300w, https:\/\/francobachot.com.br\/wp-content\/uploads\/2016\/07\/profundidade-2-150x150.jpg 150w, https:\/\/francobachot.com.br\/wp-content\/uploads\/2016\/07\/profundidade-2-768x768.jpg 768w, https:\/\/francobachot.com.br\/wp-content\/uploads\/2016\/07\/profundidade-2-360x360.jpg 360w, https:\/\/francobachot.com.br\/wp-content\/uploads\/2016\/07\/profundidade-2-400x400.jpg 400w, https:\/\/francobachot.com.br\/wp-content\/uploads\/2016\/07\/profundidade-2-100x100.jpg 100w, https:\/\/francobachot.com.br\/wp-content\/uploads\/2016\/07\/profundidade-2-250x250.jpg 250w, https:\/\/francobachot.com.br\/wp-content\/uploads\/2016\/07\/profundidade-2-140x140.jpg 140w, https:\/\/francobachot.com.br\/wp-content\/uploads\/2016\/07\/profundidade-2-110x110.jpg 110w, https:\/\/francobachot.com.br\/wp-content\/uploads\/2016\/07\/profundidade-2-275x275.jpg 275w, https:\/\/francobachot.com.br\/wp-content\/uploads\/2016\/07\/profundidade-2-800x800.jpg 800w, https:\/\/francobachot.com.br\/wp-content\/uploads\/2016\/07\/profundidade-2-550x550.jpg 550w\" sizes=\"(max-width: 65px) 100vw, 65px\" \/><figcaption id=\"caption-attachment-43231\" class=\"wp-caption-text\">500 mm<\/figcaption><\/figure>\n<figure id=\"attachment_43230\" aria-describedby=\"caption-attachment-43230\" style=\"width: 70px\" class=\"wp-caption alignleft\"><img loading=\"lazy\" decoding=\"async\" class=\"wp-image-43230\" src=\"https:\/\/francobachot.com.br\/wp-content\/uploads\/2016\/07\/peso-2.jpg\" alt=\"\" width=\"70\" height=\"70\" srcset=\"https:\/\/francobachot.com.br\/wp-content\/uploads\/2016\/07\/peso-2.jpg 1000w, https:\/\/francobachot.com.br\/wp-content\/uploads\/2016\/07\/peso-2-300x300.jpg 300w, https:\/\/francobachot.com.br\/wp-content\/uploads\/2016\/07\/peso-2-150x150.jpg 150w, https:\/\/francobachot.com.br\/wp-content\/uploads\/2016\/07\/peso-2-768x768.jpg 768w, https:\/\/francobachot.com.br\/wp-content\/uploads\/2016\/07\/peso-2-360x360.jpg 360w, https:\/\/francobachot.com.br\/wp-content\/uploads\/2016\/07\/peso-2-400x400.jpg 400w, https:\/\/francobachot.com.br\/wp-content\/uploads\/2016\/07\/peso-2-100x100.jpg 100w, https:\/\/francobachot.com.br\/wp-content\/uploads\/2016\/07\/peso-2-250x250.jpg 250w, https:\/\/francobachot.com.br\/wp-content\/uploads\/2016\/07\/peso-2-140x140.jpg 140w, https:\/\/francobachot.com.br\/wp-content\/uploads\/2016\/07\/peso-2-110x110.jpg 110w, https:\/\/francobachot.com.br\/wp-content\/uploads\/2016\/07\/peso-2-275x275.jpg 275w, https:\/\/francobachot.com.br\/wp-content\/uploads\/2016\/07\/peso-2-800x800.jpg 800w, https:\/\/francobachot.com.br\/wp-content\/uploads\/2016\/07\/peso-2-550x550.jpg 550w\" sizes=\"(max-width: 70px) 100vw, 70px\" \/><figcaption id=\"caption-attachment-43230\" class=\"wp-caption-text\"><span style=\"vertical-align: inherit;\">\u00a0 \u00a0 \u00a0n\/d kg<\/span><\/figcaption><\/figure>\n<p>&nbsp;<\/p>\n<p><strong>\u00a0<\/strong><\/p>","protected":false},"featured_media":53614,"comment_status":"open","ping_status":"closed","template":"","meta":{"_acf_changed":false},"product_brand":[],"product_cat":[1006,1017],"product_tag":[],"class_list":{"0":"post-53612","1":"product","2":"type-product","3":"status-publish","4":"has-post-thumbnail","6":"product_cat-lavenir","7":"product_cat-banquetas-lavenir","9":"ltx-product-hover-gallery","11":"first","12":"instock","13":"shipping-taxable","14":"purchasable","15":"product-type-variable"},"acf":[],"yoast_head":"<!-- This site is optimized with the Yoast SEO Premium plugin v15.0 - https:\/\/yoast.com\/wordpress\/plugins\/seo\/ -->\n<title>Banqueta Magna com encosto em madeira - Franco Bachot<\/title>\n<meta name=\"robots\" content=\"index, follow, max-snippet:-1, max-image-preview:large, max-video-preview:-1\" \/>\n<link rel=\"canonical\" href=\"https:\/\/francobachot.com.br\/es\/producto\/banqueta-magna-com-encosto-em-madeira\/\" \/>\n<meta property=\"og:locale\" content=\"es_ES\" \/>\n<meta property=\"og:type\" content=\"article\" \/>\n<meta property=\"og:title\" content=\"Banqueta Magna com encosto em madeira - Franco Bachot\" \/>\n<meta property=\"og:description\" content=\"Estrutura em madeira maci\u00e7a de tauari. Encosto moldado em madeira multilaminada. Estrutura fixada pelo sistema de espiga e cantoneiras para maior resistencia e estabilidade. Assento estofado revestido nos padr\u00f5es FB. Espuma densidade 28. Pintura nos padr\u00f5es dispon\u00edveis pela FB. Apoio de p\u00e9s em chapa de a\u00e7o carbono com pintura na cor preta. Possui sapatas deslizadoras. Dimens\u00f5es:           &nbsp;  \u00a0\" \/>\n<meta property=\"og:url\" content=\"https:\/\/francobachot.com.br\/es\/producto\/banqueta-magna-com-encosto-em-madeira\/\" \/>\n<meta property=\"og:site_name\" content=\"Franco Bachot\" \/>\n<meta property=\"article:modified_time\" content=\"2025-10-13T19:57:17+00:00\" \/>\n<meta property=\"og:image\" content=\"https:\/\/francobachot.com.br\/wp-content\/uploads\/2025\/09\/1_Banqueta-Magna.jpg\" \/>\n\t<meta property=\"og:image:width\" content=\"1000\" \/>\n\t<meta property=\"og:image:height\" content=\"1000\" \/>\n<meta name=\"twitter:card\" content=\"summary_large_image\" \/>\n<script type=\"application\/ld+json\" class=\"yoast-schema-graph\">{\"@context\":\"https:\/\/schema.org\",\"@graph\":[{\"@type\":\"WebSite\",\"@id\":\"https:\/\/francobachot.com.br\/es\/#website\",\"url\":\"https:\/\/francobachot.com.br\/es\/\",\"name\":\"Franco Bachot\",\"description\":\"\",\"potentialAction\":[{\"@type\":\"SearchAction\",\"target\":\"https:\/\/francobachot.com.br\/es\/?s={search_term_string}\",\"query-input\":\"required name=search_term_string\"}],\"inLanguage\":\"es\"},{\"@type\":\"ImageObject\",\"@id\":\"https:\/\/francobachot.com.br\/es\/producto\/banqueta-magna-com-encosto-em-madeira\/#primaryimage\",\"inLanguage\":\"es\",\"url\":\"https:\/\/francobachot.com.br\/wp-content\/uploads\/2025\/09\/1_Banqueta-Magna.jpg\",\"width\":1000,\"height\":1000},{\"@type\":\"WebPage\",\"@id\":\"https:\/\/francobachot.com.br\/es\/producto\/banqueta-magna-com-encosto-em-madeira\/#webpage\",\"url\":\"https:\/\/francobachot.com.br\/es\/producto\/banqueta-magna-com-encosto-em-madeira\/\",\"name\":\"Banqueta Magna com encosto em madeira - Franco Bachot\",\"isPartOf\":{\"@id\":\"https:\/\/francobachot.com.br\/es\/#website\"},\"primaryImageOfPage\":{\"@id\":\"https:\/\/francobachot.com.br\/es\/producto\/banqueta-magna-com-encosto-em-madeira\/#primaryimage\"},\"datePublished\":\"2025-09-04T18:26:19+00:00\",\"dateModified\":\"2025-10-13T19:57:17+00:00\",\"inLanguage\":\"es\",\"potentialAction\":[{\"@type\":\"ReadAction\",\"target\":[\"https:\/\/francobachot.com.br\/es\/producto\/banqueta-magna-com-encosto-em-madeira\/\"]}]}]}<\/script>\n<!-- \/ Yoast SEO Premium plugin. -->","_links":{"self":[{"href":"https:\/\/francobachot.com.br\/es\/wp-json\/wp\/v2\/product\/53612","targetHints":{"allow":["GET"]}}],"collection":[{"href":"https:\/\/francobachot.com.br\/es\/wp-json\/wp\/v2\/product"}],"about":[{"href":"https:\/\/francobachot.com.br\/es\/wp-json\/wp\/v2\/types\/product"}],"replies":[{"embeddable":true,"href":"https:\/\/francobachot.com.br\/es\/wp-json\/wp\/v2\/comments?post=53612"}],"version-history":[{"count":1,"href":"https:\/\/francobachot.com.br\/es\/wp-json\/wp\/v2\/product\/53612\/revisions"}],"predecessor-version":[{"id":53619,"href":"https:\/\/francobachot.com.br\/es\/wp-json\/wp\/v2\/product\/53612\/revisions\/53619"}],"wp:featuredmedia":[{"embeddable":true,"href":"https:\/\/francobachot.com.br\/es\/wp-json\/wp\/v2\/media\/53614"}],"wp:attachment":[{"href":"https:\/\/francobachot.com.br\/es\/wp-json\/wp\/v2\/media?parent=53612"}],"wp:term":[{"taxonomy":"product_brand","embeddable":true,"href":"https:\/\/francobachot.com.br\/es\/wp-json\/wp\/v2\/product_brand?post=53612"},{"taxonomy":"product_cat","embeddable":true,"href":"https:\/\/francobachot.com.br\/es\/wp-json\/wp\/v2\/product_cat?post=53612"},{"taxonomy":"product_tag","embeddable":true,"href":"https:\/\/francobachot.com.br\/es\/wp-json\/wp\/v2\/product_tag?post=53612"}],"curies":[{"name":"wp","href":"https:\/\/api.w.org\/{rel}","templated":true}]}}