{"id":50852,"date":"2022-11-22T16:10:48","date_gmt":"2022-11-22T16:10:48","guid":{"rendered":"https:\/\/francobachot.com.br\/?page_id=50852"},"modified":"2022-12-13T14:42:26","modified_gmt":"2022-12-13T14:42:26","slug":"jayme-lago-mestieri-para-studiofb","status":"publish","type":"page","link":"https:\/\/francobachot.com.br\/es\/jayme-lago-mestieri-para-studiofb\/","title":{"rendered":"Jayme Lago Mastieri para Studio FB"},"content":{"rendered":"<div data-elementor-type=\"wp-page\" data-elementor-id=\"50852\" class=\"elementor elementor-50852\" data-elementor-post-type=\"page\">\n\t\t\t\t\t\t<section data-particle_enable=\"false\" data-particle-mobile-disabled=\"false\" data-dce-background-color=\"#EAEDEF\" class=\"elementor-section elementor-top-section elementor-element elementor-element-136bc9d elementor-section-stretched elementor-section-boxed elementor-section-height-default elementor-section-height-default\" data-id=\"136bc9d\" data-element_type=\"section\" data-settings=\"{&quot;stretch_section&quot;:&quot;section-stretched&quot;,&quot;background_background&quot;:&quot;classic&quot;}\">\n\t\t\t\t\t\t<div class=\"elementor-container elementor-column-gap-default\">\n\t\t\t\t\t<div class=\"elementor-column elementor-col-100 elementor-top-column elementor-element elementor-element-38f77c1\" data-id=\"38f77c1\" data-element_type=\"column\">\n\t\t\t<div class=\"elementor-widget-wrap elementor-element-populated\">\n\t\t\t\t\t\t<div class=\"elementor-element elementor-element-45d21d3 elementor-widget elementor-widget-woocommerce-breadcrumb\" data-id=\"45d21d3\" data-element_type=\"widget\" data-widget_type=\"woocommerce-breadcrumb.default\">\n\t\t\t\t<div class=\"elementor-widget-container\">\n\t\t\t\t\t<nav class=\"woocommerce-breadcrumb\" aria-label=\"Breadcrumb\" data-no-translation=\"\" data-trp-gettext=\"\">Inicio<\/nav>\t\t\t\t<\/div>\n\t\t\t\t<\/div>\n\t\t\t\t\t<\/div>\n\t\t<\/div>\n\t\t\t\t\t<\/div>\n\t\t<\/section>\n\t\t\t\t<section data-particle_enable=\"false\" data-particle-mobile-disabled=\"false\" class=\"elementor-section elementor-top-section elementor-element elementor-element-9b7f057 elementor-section-stretched elementor-section-full_width elementor-section-height-default elementor-section-height-default\" data-id=\"9b7f057\" data-element_type=\"section\" data-settings=\"{&quot;stretch_section&quot;:&quot;section-stretched&quot;}\">\n\t\t\t\t\t\t<div class=\"elementor-container elementor-column-gap-default\">\n\t\t\t\t\t<div class=\"elementor-column elementor-col-100 elementor-top-column elementor-element elementor-element-c91352a\" data-id=\"c91352a\" data-element_type=\"column\">\n\t\t\t<div class=\"elementor-widget-wrap elementor-element-populated\">\n\t\t\t\t\t\t<div class=\"elementor-element elementor-element-856b985 dce_masking-none elementor-widget elementor-widget-image\" data-id=\"856b985\" data-element_type=\"widget\" data-widget_type=\"image.default\">\n\t\t\t\t<div class=\"elementor-widget-container\">\n\t\t\t\t\t\t\t\t\t\t\t\t\t\t\t<img fetchpriority=\"high\" decoding=\"async\" width=\"1920\" height=\"713\" src=\"https:\/\/francobachot.com.br\/wp-content\/uploads\/2022\/11\/1554_Banner_PAG_JAYME_LAGO.png\" class=\"attachment-full size-full wp-image-50908\" alt=\"\" srcset=\"https:\/\/francobachot.com.br\/wp-content\/uploads\/2022\/11\/1554_Banner_PAG_JAYME_LAGO.png 1920w, https:\/\/francobachot.com.br\/wp-content\/uploads\/2022\/11\/1554_Banner_PAG_JAYME_LAGO-300x111.png 300w, https:\/\/francobachot.com.br\/wp-content\/uploads\/2022\/11\/1554_Banner_PAG_JAYME_LAGO-1024x380.png 1024w, https:\/\/francobachot.com.br\/wp-content\/uploads\/2022\/11\/1554_Banner_PAG_JAYME_LAGO-768x285.png 768w, https:\/\/francobachot.com.br\/wp-content\/uploads\/2022\/11\/1554_Banner_PAG_JAYME_LAGO-1536x570.png 1536w, https:\/\/francobachot.com.br\/wp-content\/uploads\/2022\/11\/1554_Banner_PAG_JAYME_LAGO-16x6.png 16w, https:\/\/francobachot.com.br\/wp-content\/uploads\/2022\/11\/1554_Banner_PAG_JAYME_LAGO-400x149.png 400w, https:\/\/francobachot.com.br\/wp-content\/uploads\/2022\/11\/1554_Banner_PAG_JAYME_LAGO-32x12.png 32w, https:\/\/francobachot.com.br\/wp-content\/uploads\/2022\/11\/1554_Banner_PAG_JAYME_LAGO-800x297.png 800w, https:\/\/francobachot.com.br\/wp-content\/uploads\/2022\/11\/1554_Banner_PAG_JAYME_LAGO-550x204.png 550w\" sizes=\"(max-width: 1920px) 100vw, 1920px\" \/>\t\t\t\t\t\t\t\t\t\t\t\t\t\t\t<\/div>\n\t\t\t\t<\/div>\n\t\t\t\t\t<\/div>\n\t\t<\/div>\n\t\t\t\t\t<\/div>\n\t\t<\/section>\n\t\t\t\t<section data-particle_enable=\"false\" data-particle-mobile-disabled=\"false\" data-dce-background-color=\"#FFFFFF\" class=\"elementor-section elementor-top-section elementor-element elementor-element-ccd2025 elementor-section-stretched elementor-section-boxed elementor-section-height-default elementor-section-height-default\" data-id=\"ccd2025\" data-element_type=\"section\" data-settings=\"{&quot;stretch_section&quot;:&quot;section-stretched&quot;,&quot;background_background&quot;:&quot;classic&quot;}\">\n\t\t\t\t\t\t<div class=\"elementor-container elementor-column-gap-default\">\n\t\t\t\t\t<div class=\"elementor-column elementor-col-100 elementor-top-column elementor-element elementor-element-6aaffee\" data-id=\"6aaffee\" data-element_type=\"column\">\n\t\t\t<div class=\"elementor-widget-wrap elementor-element-populated\">\n\t\t\t\t\t\t<div class=\"elementor-element elementor-element-18a195b elementor-widget__width-auto elementor-hidden-desktop elementor-hidden-tablet elementor-hidden-mobile elementor-widget elementor-widget-heading\" data-id=\"18a195b\" data-element_type=\"widget\" data-widget_type=\"heading.default\">\n\t\t\t\t<div class=\"elementor-widget-container\">\n\t\t\t\t\t<h2 class=\"elementor-heading-title elementor-size-default\">Lanzamiento<\/h2>\t\t\t\t<\/div>\n\t\t\t\t<\/div>\n\t\t\t\t<div class=\"elementor-element elementor-element-a964bb6 elementor-invisible elementor-widget elementor-widget-heading\" data-id=\"a964bb6\" data-element_type=\"widget\" data-settings=\"{&quot;_animation&quot;:&quot;fadeInLeft&quot;}\" data-widget_type=\"heading.default\">\n\t\t\t\t<div class=\"elementor-widget-container\">\n\t\t\t\t\t<h2 class=\"elementor-heading-title elementor-size-default\">Jayme Lago Mestieri para Studio FB<\/h2>\t\t\t\t<\/div>\n\t\t\t\t<\/div>\n\t\t\t\t<div class=\"elementor-element elementor-element-f61baf6 p-14 elementor-invisible elementor-widget elementor-widget-text-editor\" data-id=\"f61baf6\" data-element_type=\"widget\" data-settings=\"{&quot;_animation&quot;:&quot;fadeInLeft&quot;}\" data-widget_type=\"text-editor.default\">\n\t\t\t\t<div class=\"elementor-widget-container\">\n\t\t\t\t\t\t\t\t\t<p>Quando expertise e vis\u00e3o estrat\u00e9gica em projetos de arquitetura e urbanismo d\u00e3o origem a uma linha de mobili\u00e1rio que alia o design com as \u00faltimas tecnologias da ind\u00fastria moveleira, nasce uma proposta que vai al\u00e9m de um m\u00f3vel. S\u00e3o equipamentos que se integram ao ambiente como elementos que funcionam para acolher e otimizar os espa\u00e7os.<br><\/p>\t\t\t\t\t\t\t\t<\/div>\n\t\t\t\t<\/div>\n\t\t\t\t\t<\/div>\n\t\t<\/div>\n\t\t\t\t\t<\/div>\n\t\t<\/section>\n\t\t\t\t<section data-particle_enable=\"false\" data-particle-mobile-disabled=\"false\" data-dce-background-color=\"#FFFFFF\" class=\"elementor-section elementor-top-section elementor-element elementor-element-bea2c5b elementor-section-stretched elementor-section-boxed elementor-section-height-default elementor-section-height-default\" data-id=\"bea2c5b\" data-element_type=\"section\" data-settings=\"{&quot;background_background&quot;:&quot;classic&quot;,&quot;stretch_section&quot;:&quot;section-stretched&quot;}\">\n\t\t\t\t\t\t<div class=\"elementor-container elementor-column-gap-default\">\n\t\t\t\t\t<div data-dce-background-color=\"#F9F9F9\" class=\"elementor-column elementor-col-33 elementor-top-column elementor-element elementor-element-d1ba935\" data-id=\"d1ba935\" data-element_type=\"column\" data-settings=\"{&quot;background_background&quot;:&quot;classic&quot;}\">\n\t\t\t<div class=\"elementor-widget-wrap elementor-element-populated\">\n\t\t\t\t\t\t<div class=\"elementor-element elementor-element-7f03aa2 elementor-widget__width-auto dce_masking-none elementor-position-top elementor-invisible elementor-widget elementor-widget-image-box\" data-id=\"7f03aa2\" data-element_type=\"widget\" data-settings=\"{&quot;_animation&quot;:&quot;zoomIn&quot;}\" data-widget_type=\"image-box.default\">\n\t\t\t\t<div class=\"elementor-widget-container\">\n\t\t\t\t\t<div class=\"elementor-image-box-wrapper\"><figure class=\"elementor-image-box-img\"><a href=\"http:\/\/www.asadesign.com.br\" target=\"_blank\" order=\"\" tabindex=\"-1\"><img decoding=\"async\" width=\"189\" height=\"206\" src=\"https:\/\/francobachot.com.br\/wp-content\/uploads\/2022\/11\/Jayme-Lago-Mastieri.png\" class=\"elementor-animation-grow attachment-full size-full wp-image-50863\" alt=\"\" srcset=\"https:\/\/francobachot.com.br\/wp-content\/uploads\/2022\/11\/Jayme-Lago-Mastieri.png 189w, https:\/\/francobachot.com.br\/wp-content\/uploads\/2022\/11\/Jayme-Lago-Mastieri-11x12.png 11w, https:\/\/francobachot.com.br\/wp-content\/uploads\/2022\/11\/Jayme-Lago-Mastieri-29x32.png 29w\" sizes=\"(max-width: 189px) 100vw, 189px\" \/><\/a><\/figure><\/div>\t\t\t\t<\/div>\n\t\t\t\t<\/div>\n\t\t\t\t\t<\/div>\n\t\t<\/div>\n\t\t\t\t<div data-dce-background-color=\"#F9F9F9\" class=\"elementor-column elementor-col-33 elementor-top-column elementor-element elementor-element-5ed76be\" data-id=\"5ed76be\" data-element_type=\"column\" data-settings=\"{&quot;background_background&quot;:&quot;classic&quot;}\">\n\t\t\t<div class=\"elementor-widget-wrap elementor-element-populated\">\n\t\t\t\t\t\t<div class=\"elementor-element elementor-element-11a6e4c elementor-invisible elementor-widget elementor-widget-text-editor\" data-id=\"11a6e4c\" data-element_type=\"widget\" data-settings=\"{&quot;_animation&quot;:&quot;fadeIn&quot;}\" data-widget_type=\"text-editor.default\">\n\t\t\t\t<div class=\"elementor-widget-container\">\n\t\t\t\t\t\t\t\t\t<p>Com mais de 1.500.000 m2 de \u00e1rea constru\u00edda projetada para espa\u00e7os voltados a opera\u00e7\u00f5es urbanas e comerciais de grande porte, como aeroportos, terminais urbanos, hot\u00e9is e shopping centers, entre outros, o arquiteto Jayme Lago Mestieri, um dos nomes mais proeminentes da arquitetura brasileira, empresta sua expertise e talento para o desenvolvimento das novas solu\u00e7\u00f5es de mobili\u00e1rio em parceria com o <strong>Studio FB<\/strong>, da <strong>Franco Bachot<\/strong>.<\/p>\t\t\t\t\t\t\t\t<\/div>\n\t\t\t\t<\/div>\n\t\t\t\t\t<\/div>\n\t\t<\/div>\n\t\t\t\t<div data-dce-background-color=\"#F9F9F9\" class=\"elementor-column elementor-col-33 elementor-top-column elementor-element elementor-element-1dc7fad\" data-id=\"1dc7fad\" data-element_type=\"column\" data-settings=\"{&quot;background_background&quot;:&quot;classic&quot;}\">\n\t\t\t<div class=\"elementor-widget-wrap elementor-element-populated\">\n\t\t\t\t\t\t<div class=\"elementor-element elementor-element-f3f27da elementor-widget__width-auto elementor-widget-mobile__width-inherit dce_masking-none elementor-invisible elementor-widget elementor-widget-image\" data-id=\"f3f27da\" data-element_type=\"widget\" data-settings=\"{&quot;_animation&quot;:&quot;fadeInRight&quot;}\" data-widget_type=\"image.default\">\n\t\t\t\t<div class=\"elementor-widget-container\">\n\t\t\t\t\t\t\t\t\t\t\t\t\t\t\t<img decoding=\"async\" width=\"341\" height=\"279\" src=\"https:\/\/francobachot.com.br\/wp-content\/uploads\/2022\/11\/cadeiras.png\" class=\"elementor-animation-bob attachment-woocommerce_thumbnail size-woocommerce_thumbnail wp-image-50862\" alt=\"\" srcset=\"https:\/\/francobachot.com.br\/wp-content\/uploads\/2022\/11\/cadeiras.png 341w, https:\/\/francobachot.com.br\/wp-content\/uploads\/2022\/11\/cadeiras-300x245.png 300w, https:\/\/francobachot.com.br\/wp-content\/uploads\/2022\/11\/cadeiras-16x12.png 16w, https:\/\/francobachot.com.br\/wp-content\/uploads\/2022\/11\/cadeiras-32x26.png 32w\" sizes=\"(max-width: 341px) 100vw, 341px\" \/>\t\t\t\t\t\t\t\t\t\t\t\t\t\t\t<\/div>\n\t\t\t\t<\/div>\n\t\t\t\t\t<\/div>\n\t\t<\/div>\n\t\t\t\t\t<\/div>\n\t\t<\/section>\n\t\t\t\t<section data-particle_enable=\"false\" data-particle-mobile-disabled=\"false\" data-dce-background-color=\"#FFFFFF\" class=\"elementor-section elementor-top-section elementor-element elementor-element-260b42e elementor-section-stretched elementor-section-boxed elementor-section-height-default elementor-section-height-default elementor-invisible\" data-id=\"260b42e\" data-element_type=\"section\" data-settings=\"{&quot;animation&quot;:&quot;fadeIn&quot;,&quot;stretch_section&quot;:&quot;section-stretched&quot;,&quot;background_background&quot;:&quot;classic&quot;}\">\n\t\t\t\t\t\t<div class=\"elementor-container elementor-column-gap-default\">\n\t\t\t\t\t<div class=\"elementor-column elementor-col-100 elementor-top-column elementor-element elementor-element-e4ab29b\" data-id=\"e4ab29b\" data-element_type=\"column\">\n\t\t\t<div class=\"elementor-widget-wrap elementor-element-populated\">\n\t\t\t\t\t\t\t<\/div>\n\t\t<\/div>\n\t\t\t\t\t<\/div>\n\t\t<\/section>\n\t\t\t\t<section data-particle_enable=\"false\" data-particle-mobile-disabled=\"false\" data-dce-background-color=\"#FFFFFF\" class=\"elementor-section elementor-top-section elementor-element elementor-element-ca21d14 elementor-section-stretched elementor-section-boxed elementor-section-height-default elementor-section-height-default\" data-id=\"ca21d14\" data-element_type=\"section\" data-settings=\"{&quot;background_background&quot;:&quot;classic&quot;,&quot;stretch_section&quot;:&quot;section-stretched&quot;}\">\n\t\t\t\t\t\t<div class=\"elementor-container elementor-column-gap-default\">\n\t\t\t\t\t<div data-dce-background-color=\"#F9F9F9\" class=\"elementor-column elementor-col-33 elementor-top-column elementor-element elementor-element-b3dbcf5\" data-id=\"b3dbcf5\" data-element_type=\"column\" data-settings=\"{&quot;background_background&quot;:&quot;classic&quot;}\">\n\t\t\t<div class=\"elementor-widget-wrap elementor-element-populated\">\n\t\t\t\t\t\t<div class=\"elementor-element elementor-element-363f8c9 elementor-widget__width-auto dce_masking-none elementor-position-top elementor-invisible elementor-widget elementor-widget-image-box\" data-id=\"363f8c9\" data-element_type=\"widget\" data-settings=\"{&quot;_animation&quot;:&quot;zoomIn&quot;}\" data-widget_type=\"image-box.default\">\n\t\t\t\t<div class=\"elementor-widget-container\">\n\t\t\t\t\t<div class=\"elementor-image-box-wrapper\"><figure class=\"elementor-image-box-img\"><a href=\"http:\/\/www.asadesign.com.br\" target=\"_blank\" order=\"\" tabindex=\"-1\"><img loading=\"lazy\" decoding=\"async\" width=\"300\" height=\"200\" src=\"https:\/\/francobachot.com.br\/wp-content\/uploads\/2022\/11\/conceito1.png\" class=\"elementor-animation-grow attachment-full size-full wp-image-50864\" alt=\"\" srcset=\"https:\/\/francobachot.com.br\/wp-content\/uploads\/2022\/11\/conceito1.png 300w, https:\/\/francobachot.com.br\/wp-content\/uploads\/2022\/11\/conceito1-16x12.png 16w, https:\/\/francobachot.com.br\/wp-content\/uploads\/2022\/11\/conceito1-32x21.png 32w, https:\/\/francobachot.com.br\/wp-content\/uploads\/2022\/11\/conceito1-128x84.png 128w\" sizes=\"(max-width: 300px) 100vw, 300px\" \/><\/a><\/figure><\/div>\t\t\t\t<\/div>\n\t\t\t\t<\/div>\n\t\t\t\t\t<\/div>\n\t\t<\/div>\n\t\t\t\t<div data-dce-background-color=\"#F9F9F9\" class=\"elementor-column elementor-col-33 elementor-top-column elementor-element elementor-element-04b0190\" data-id=\"04b0190\" data-element_type=\"column\" data-settings=\"{&quot;background_background&quot;:&quot;classic&quot;}\">\n\t\t\t<div class=\"elementor-widget-wrap elementor-element-populated\">\n\t\t\t\t\t\t<div class=\"elementor-element elementor-element-83564f6 elementor-invisible elementor-widget elementor-widget-text-editor\" data-id=\"83564f6\" data-element_type=\"widget\" data-settings=\"{&quot;_animation&quot;:&quot;fadeIn&quot;}\" data-widget_type=\"text-editor.default\">\n\t\t\t\t<div class=\"elementor-widget-container\">\n\t\t\t\t\t\t\t\t\t<p>Desenvolvidas para agregar personalidade a ambientes que seguem o conceito fast casual, no qual estilo, versatilidade, durabilidade assumem grande import\u00e2ncia para a composi\u00e7\u00e3o de espa\u00e7os com alta rotatividade, as cadeiras Striped, Borboleta e Flap fazem refer\u00eancia \u00e0s a elementos visuais explorados pela ind\u00fastria nos anos 1970 que, atualmente, s\u00e3o fonte de inspira\u00e7\u00e3o para projetos que prop\u00f5em uma decora\u00e7\u00e3o que une sofistica\u00e7\u00e3o e contemporaneidade, com liberdade para combinar cores e texturas.<\/p>\t\t\t\t\t\t\t\t<\/div>\n\t\t\t\t<\/div>\n\t\t\t\t\t<\/div>\n\t\t<\/div>\n\t\t\t\t<div data-dce-background-color=\"#F9F9F9\" class=\"elementor-column elementor-col-33 elementor-top-column elementor-element elementor-element-30f9ab6\" data-id=\"30f9ab6\" data-element_type=\"column\" data-settings=\"{&quot;background_background&quot;:&quot;classic&quot;}\">\n\t\t\t<div class=\"elementor-widget-wrap elementor-element-populated\">\n\t\t\t\t\t\t<div class=\"elementor-element elementor-element-91b5804 elementor-widget__width-auto elementor-widget-mobile__width-inherit dce_masking-none elementor-invisible elementor-widget elementor-widget-image\" data-id=\"91b5804\" data-element_type=\"widget\" data-settings=\"{&quot;_animation&quot;:&quot;fadeInRight&quot;}\" data-widget_type=\"image.default\">\n\t\t\t\t<div class=\"elementor-widget-container\">\n\t\t\t\t\t\t\t\t\t\t\t\t\t\t\t<img loading=\"lazy\" decoding=\"async\" width=\"300\" height=\"360\" src=\"https:\/\/francobachot.com.br\/wp-content\/uploads\/2022\/11\/conceito2-300x360.png\" class=\"elementor-animation-bob attachment-woocommerce_thumbnail size-woocommerce_thumbnail wp-image-50865\" alt=\"\" \/>\t\t\t\t\t\t\t\t\t\t\t\t\t\t\t<\/div>\n\t\t\t\t<\/div>\n\t\t\t\t\t<\/div>\n\t\t<\/div>\n\t\t\t\t\t<\/div>\n\t\t<\/section>\n\t\t\t\t<section data-particle_enable=\"false\" data-particle-mobile-disabled=\"false\" data-dce-background-overlay-color=\"#202020\" data-dce-background-image-url=\"http:\/\/francobachot.com.br\/wp-content\/uploads\/2022\/12\/Franco-Bachot-denim-City_FORM.png\" class=\"elementor-section elementor-top-section elementor-element elementor-element-c73d592 elementor-section-full_width elementor-section-stretched elementor-section-height-default elementor-section-height-default\" data-id=\"c73d592\" data-element_type=\"section\" id=\"inscreva-se\" data-settings=\"{&quot;background_background&quot;:&quot;classic&quot;,&quot;stretch_section&quot;:&quot;section-stretched&quot;}\">\n\t\t\t\t\t\t\t<div class=\"elementor-background-overlay\"><\/div>\n\t\t\t\t\t\t\t<div class=\"elementor-container elementor-column-gap-default\">\n\t\t\t\t\t<div class=\"elementor-column elementor-col-100 elementor-top-column elementor-element elementor-element-a247176\" data-id=\"a247176\" data-element_type=\"column\">\n\t\t\t<div class=\"elementor-widget-wrap elementor-element-populated\">\n\t\t\t\t\t\t<section data-particle_enable=\"false\" data-particle-mobile-disabled=\"false\" class=\"elementor-section elementor-inner-section elementor-element elementor-element-86364c4 elementor-section-boxed elementor-section-height-default elementor-section-height-default\" data-id=\"86364c4\" data-element_type=\"section\">\n\t\t\t\t\t\t<div class=\"elementor-container elementor-column-gap-default\">\n\t\t\t\t\t<div class=\"elementor-column elementor-col-100 elementor-inner-column elementor-element elementor-element-ae582e8\" data-id=\"ae582e8\" data-element_type=\"column\">\n\t\t\t<div class=\"elementor-widget-wrap elementor-element-populated\">\n\t\t\t\t\t\t<div class=\"elementor-element elementor-element-45504ad elementor-widget__width-inherit elementor-widget elementor-widget-html\" data-id=\"45504ad\" data-element_type=\"widget\" data-widget_type=\"html.default\">\n\t\t\t\t<div class=\"elementor-widget-container\">\n\t\t\t\t\t<div role=\"main\" id=\"form_jayme_lago-62f86bf5278ba3780d4a\"><\/div><script type=\"text\/javascript\" src=\"https:\/\/d335luupugsy2.cloudfront.net\/js\/rdstation-forms\/stable\/rdstation-forms.min.js\"><\/script><script type=\"text\/javascript\"> new RDStationForms('form_jayme_lago-62f86bf5278ba3780d4a', 'UA-37770090-2').createForm();<\/script>\t\t\t\t<\/div>\n\t\t\t\t<\/div>\n\t\t\t\t\t<\/div>\n\t\t<\/div>\n\t\t\t\t\t<\/div>\n\t\t<\/section>\n\t\t\t\t\t<\/div>\n\t\t<\/div>\n\t\t\t\t\t<\/div>\n\t\t<\/section>\n\t\t\t\t<section data-particle_enable=\"false\" data-particle-mobile-disabled=\"false\" class=\"elementor-section elementor-top-section elementor-element elementor-element-185b23a elementor-section-boxed elementor-section-height-default elementor-section-height-default\" data-id=\"185b23a\" data-element_type=\"section\">\n\t\t\t\t\t\t<div class=\"elementor-container elementor-column-gap-default\">\n\t\t\t\t\t<div class=\"elementor-column elementor-col-100 elementor-top-column elementor-element elementor-element-54671c3\" data-id=\"54671c3\" data-element_type=\"column\">\n\t\t\t<div class=\"elementor-widget-wrap\">\n\t\t\t\t\t\t\t<\/div>\n\t\t<\/div>\n\t\t\t\t\t<\/div>\n\t\t<\/section>\n\t\t\t\t<\/div>","protected":false},"excerpt":{"rendered":"<p>Lan\u00e7amento Jayme Lago Mestieri para Studio FB Quando expertise e vis\u00e3o estrat\u00e9gica em projetos de arquitetura e urbanismo d\u00e3o origem a uma linha de mobili\u00e1rio que alia o design com as \u00faltimas tecnologias da ind\u00fastria moveleira, nasce uma proposta que vai al\u00e9m de um m\u00f3vel. S\u00e3o equipamentos que se integram ao ambiente como elementos que funcionam para acolher e otimizar os espa\u00e7os. Com mais de 1.500.000 m2 de \u00e1rea constru\u00edda projetada para espa\u00e7os voltados a opera\u00e7\u00f5es urbanas e comerciais de grande porte, como aeroportos, terminais urbanos, hot\u00e9is e shopping centers, entre outros, o arquiteto Jayme Lago Mestieri, um dos nomes [&hellip;]<\/p>","protected":false},"author":68,"featured_media":33726,"parent":0,"menu_order":0,"comment_status":"closed","ping_status":"closed","template":"","meta":{"_acf_changed":false,"footnotes":""},"class_list":["post-50852","page","type-page","status-publish","has-post-thumbnail","hentry"],"acf":[],"yoast_head":"<!-- This site is optimized with the Yoast SEO Premium plugin v15.0 - https:\/\/yoast.com\/wordpress\/plugins\/seo\/ -->\n<title>Design Assinado conhe\u00e7a os projetos da Franco Bachot<\/title>\n<meta name=\"description\" content=\"A Franco Bachot conta com os designers do Studio FB e esta sempre aberto a novas parcerias com profissionais de renome. Saiba mais.\" \/>\n<meta name=\"robots\" content=\"index, follow, max-snippet:-1, max-image-preview:large, max-video-preview:-1\" \/>\n<link rel=\"canonical\" href=\"https:\/\/francobachot.com.br\/es\/jayme-lago-mestieri-para-studiofb\/\" \/>\n<meta property=\"og:locale\" content=\"es_ES\" \/>\n<meta property=\"og:type\" content=\"article\" \/>\n<meta property=\"og:title\" content=\"Design Assinado conhe\u00e7a os projetos da Franco Bachot\" \/>\n<meta property=\"og:description\" content=\"A Franco Bachot conta com os designers do Studio FB e esta sempre aberto a novas parcerias com profissionais de renome. Saiba mais.\" \/>\n<meta property=\"og:url\" content=\"https:\/\/francobachot.com.br\/es\/jayme-lago-mestieri-para-studiofb\/\" \/>\n<meta property=\"og:site_name\" content=\"Franco Bachot\" \/>\n<meta property=\"article:modified_time\" content=\"2022-12-13T14:42:26+00:00\" \/>\n<meta property=\"og:image\" content=\"https:\/\/francobachot.com.br\/wp-content\/uploads\/2020\/06\/projetos.jpg\" \/>\n\t<meta property=\"og:image:width\" content=\"1900\" \/>\n\t<meta property=\"og:image:height\" content=\"700\" \/>\n<meta name=\"twitter:card\" content=\"summary_large_image\" \/>\n<script type=\"application\/ld+json\" class=\"yoast-schema-graph\">{\"@context\":\"https:\/\/schema.org\",\"@graph\":[{\"@type\":\"WebSite\",\"@id\":\"https:\/\/francobachot.com.br\/es\/#website\",\"url\":\"https:\/\/francobachot.com.br\/es\/\",\"name\":\"Franco Bachot\",\"description\":\"\",\"potentialAction\":[{\"@type\":\"SearchAction\",\"target\":\"https:\/\/francobachot.com.br\/es\/?s={search_term_string}\",\"query-input\":\"required name=search_term_string\"}],\"inLanguage\":\"es\"},{\"@type\":\"ImageObject\",\"@id\":\"https:\/\/francobachot.com.br\/es\/jayme-lago-mestieri-para-studiofb\/#primaryimage\",\"inLanguage\":\"es\",\"url\":\"https:\/\/francobachot.com.br\/wp-content\/uploads\/2020\/06\/projetos.jpg\",\"width\":1900,\"height\":700,\"caption\":\"Al\\u00e9m de contar com designers do Studio FB, a Franco Bachot esta sempre aberto a novas parcerias com profissionais de renome. Saiba mais.\"},{\"@type\":\"WebPage\",\"@id\":\"https:\/\/francobachot.com.br\/es\/jayme-lago-mestieri-para-studiofb\/#webpage\",\"url\":\"https:\/\/francobachot.com.br\/es\/jayme-lago-mestieri-para-studiofb\/\",\"name\":\"Design Assinado conhe\\u00e7a os projetos da Franco Bachot\",\"isPartOf\":{\"@id\":\"https:\/\/francobachot.com.br\/es\/#website\"},\"primaryImageOfPage\":{\"@id\":\"https:\/\/francobachot.com.br\/es\/jayme-lago-mestieri-para-studiofb\/#primaryimage\"},\"datePublished\":\"2022-11-22T16:10:48+00:00\",\"dateModified\":\"2022-12-13T14:42:26+00:00\",\"description\":\"A Franco Bachot conta com os designers do Studio FB e esta sempre aberto a novas parcerias com profissionais de renome. Saiba mais.\",\"inLanguage\":\"es\",\"potentialAction\":[{\"@type\":\"ReadAction\",\"target\":[\"https:\/\/francobachot.com.br\/es\/jayme-lago-mestieri-para-studiofb\/\"]}]}]}<\/script>\n<!-- \/ Yoast SEO Premium plugin. -->","_links":{"self":[{"href":"https:\/\/francobachot.com.br\/es\/wp-json\/wp\/v2\/pages\/50852","targetHints":{"allow":["GET"]}}],"collection":[{"href":"https:\/\/francobachot.com.br\/es\/wp-json\/wp\/v2\/pages"}],"about":[{"href":"https:\/\/francobachot.com.br\/es\/wp-json\/wp\/v2\/types\/page"}],"author":[{"embeddable":true,"href":"https:\/\/francobachot.com.br\/es\/wp-json\/wp\/v2\/users\/68"}],"replies":[{"embeddable":true,"href":"https:\/\/francobachot.com.br\/es\/wp-json\/wp\/v2\/comments?post=50852"}],"version-history":[{"count":81,"href":"https:\/\/francobachot.com.br\/es\/wp-json\/wp\/v2\/pages\/50852\/revisions"}],"predecessor-version":[{"id":51046,"href":"https:\/\/francobachot.com.br\/es\/wp-json\/wp\/v2\/pages\/50852\/revisions\/51046"}],"wp:featuredmedia":[{"embeddable":true,"href":"https:\/\/francobachot.com.br\/es\/wp-json\/wp\/v2\/media\/33726"}],"wp:attachment":[{"href":"https:\/\/francobachot.com.br\/es\/wp-json\/wp\/v2\/media?parent=50852"}],"curies":[{"name":"wp","href":"https:\/\/api.w.org\/{rel}","templated":true}]}}