{"id":44945,"date":"2021-03-02T14:47:16","date_gmt":"2021-03-02T14:47:16","guid":{"rendered":"https:\/\/francobachot.com.br\/?page_id=44945"},"modified":"2022-04-22T20:12:06","modified_gmt":"2022-04-22T20:12:06","slug":"busca","status":"publish","type":"page","link":"https:\/\/francobachot.com.br\/es\/busca\/","title":{"rendered":"Busca"},"content":{"rendered":"<div data-elementor-type=\"wp-page\" data-elementor-id=\"44945\" class=\"elementor elementor-44945\" data-elementor-post-type=\"page\">\n\t\t\t\t\t\t<section data-particle_enable=\"false\" data-particle-mobile-disabled=\"false\" class=\"elementor-section elementor-top-section elementor-element elementor-element-2b7a0e2 elementor-section-boxed elementor-section-height-default elementor-section-height-default\" data-id=\"2b7a0e2\" data-element_type=\"section\">\n\t\t\t\t\t\t<div class=\"elementor-container elementor-column-gap-default\">\n\t\t\t\t\t<div class=\"elementor-column elementor-col-100 elementor-top-column elementor-element elementor-element-11580b12\" data-id=\"11580b12\" data-element_type=\"column\">\n\t\t\t<div class=\"elementor-widget-wrap elementor-element-populated\">\n\t\t\t\t\t\t\t<\/div>\n\t\t<\/div>\n\t\t\t\t\t<\/div>\n\t\t<\/section>\n\t\t\t\t<section data-particle_enable=\"false\" data-particle-mobile-disabled=\"false\" class=\"elementor-section elementor-top-section elementor-element elementor-element-196950f0 elementor-section-boxed elementor-section-height-default elementor-section-height-default\" data-id=\"196950f0\" data-element_type=\"section\">\n\t\t\t\t\t\t<div class=\"elementor-container elementor-column-gap-default\">\n\t\t\t\t\t<div class=\"elementor-column elementor-col-100 elementor-top-column elementor-element elementor-element-5706f69\" data-id=\"5706f69\" data-element_type=\"column\">\n\t\t\t<div class=\"elementor-widget-wrap elementor-element-populated\">\n\t\t\t\t\t\t<div class=\"elementor-element elementor-element-62f12359 elementor-search-form--skin-classic elementor-search-form--button-type-icon elementor-search-form--icon-search elementor-widget elementor-widget-search-form\" data-id=\"62f12359\" data-element_type=\"widget\" data-settings=\"{&quot;skin&quot;:&quot;classic&quot;}\" data-widget_type=\"search-form.default\">\n\t\t\t\t<div class=\"elementor-widget-container\">\n\t\t\t\t\t\t\t<search role=\"search\">\n\t\t\t<form class=\"elementor-search-form\" action=\"https:\/\/francobachot.com.br\/es\/\" method=\"get\" data-trp-original-action=\"https:\/\/francobachot.com.br\/es\">\n\t\t\t\t\t\t\t\t\t\t\t\t<div class=\"elementor-search-form__container\">\n\t\t\t\t\t<label class=\"elementor-screen-only\" for=\"elementor-search-form-62f12359\">Search<\/label>\n\n\t\t\t\t\t\n\t\t\t\t\t<input id=\"elementor-search-form-62f12359\" placeholder=\"Buscar\" class=\"elementor-search-form__input\" type=\"search\" name=\"s\" value=\"\">\n\t\t\t\t\t\n\t\t\t\t\t\t\t\t\t\t\t<button class=\"elementor-search-form__submit\" type=\"submit\" aria-label=\"Search\">\n\t\t\t\t\t\t\t\t\t\t\t\t\t\t\t<i aria-hidden=\"true\" class=\"fas fa-search\"><\/i>\t\t\t\t\t\t\t\t\t\t\t\t\t<\/button>\n\t\t\t\t\t\n\t\t\t\t\t\t\t\t\t<\/div>\n\t\t\t<input type=\"hidden\" name=\"trp-form-language\" value=\"es\"\/><\/form>\n\t\t<\/search>\n\t\t\t\t\t\t<\/div>\n\t\t\t\t<\/div>\n\t\t\t\t\t<\/div>\n\t\t<\/div>\n\t\t\t\t\t<\/div>\n\t\t<\/section>\n\t\t\t\t<section data-particle_enable=\"false\" data-particle-mobile-disabled=\"false\" class=\"elementor-section elementor-top-section elementor-element elementor-element-20be93a5 elementor-section-boxed elementor-section-height-default elementor-section-height-default\" data-id=\"20be93a5\" data-element_type=\"section\">\n\t\t\t\t\t\t<div class=\"elementor-container elementor-column-gap-default\">\n\t\t\t\t\t<div class=\"elementor-column elementor-col-100 elementor-top-column elementor-element elementor-element-3b54065a\" data-id=\"3b54065a\" data-element_type=\"column\">\n\t\t\t<div class=\"elementor-widget-wrap elementor-element-populated\">\n\t\t\t\t\t\t<div class=\"elementor-element elementor-element-2162ee6 elementor-posts--align-center elementor-grid-3 elementor-grid-tablet-2 elementor-grid-mobile-1 elementor-posts--thumbnail-top elementor-widget elementor-widget-archive-posts\" data-id=\"2162ee6\" data-element_type=\"widget\" data-settings=\"{&quot;archive_classic_columns&quot;:&quot;3&quot;,&quot;archive_classic_columns_tablet&quot;:&quot;2&quot;,&quot;archive_classic_columns_mobile&quot;:&quot;1&quot;,&quot;archive_classic_row_gap&quot;:{&quot;unit&quot;:&quot;px&quot;,&quot;size&quot;:35,&quot;sizes&quot;:[]},&quot;archive_classic_row_gap_tablet&quot;:{&quot;unit&quot;:&quot;px&quot;,&quot;size&quot;:&quot;&quot;,&quot;sizes&quot;:[]},&quot;archive_classic_row_gap_mobile&quot;:{&quot;unit&quot;:&quot;px&quot;,&quot;size&quot;:&quot;&quot;,&quot;sizes&quot;:[]},&quot;pagination_type&quot;:&quot;numbers&quot;}\" data-widget_type=\"archive-posts.archive_classic\">\n\t\t\t\t<div class=\"elementor-widget-container\">\n\t\t\t\t\t\t\t<div class=\"elementor-posts-container elementor-posts elementor-posts--skin-classic elementor-grid\">\n\t\t\t\t\t\t<div class=\"elementor-posts-nothing-found\">\n\t\t\t\t\tIt seems we can&#039;t find what you&#039;re looking for.\t\t\t\t<\/div>\n\t\t\t\t\t<\/div>\n\t\t\n\t\t\t\t\t\t<\/div>\n\t\t\t\t<\/div>\n\t\t\t\t\t<\/div>\n\t\t<\/div>\n\t\t\t\t\t<\/div>\n\t\t<\/section>\n\t\t\t\t<\/div>","protected":false},"excerpt":{"rendered":"","protected":false},"author":68,"featured_media":0,"parent":0,"menu_order":0,"comment_status":"closed","ping_status":"closed","template":"","meta":{"_acf_changed":false,"footnotes":""},"class_list":["post-44945","page","type-page","status-publish","hentry"],"acf":[],"yoast_head":"<!-- This site is optimized with the Yoast SEO Premium plugin v15.0 - https:\/\/yoast.com\/wordpress\/plugins\/seo\/ -->\n<title>Busca - Franco Bachot<\/title>\n<meta name=\"description\" content=\"Nesta \u00e1rea, voc\u00ea pode realizar uma busca dentro do site da Franco Bachot para localizar informa\u00e7\u00f5es sobre nossos produtos.\" \/>\n<meta name=\"robots\" content=\"index, follow, max-snippet:-1, max-image-preview:large, max-video-preview:-1\" \/>\n<link rel=\"canonical\" href=\"https:\/\/francobachot.com.br\/es\/busca\/\" \/>\n<meta property=\"og:locale\" content=\"es_ES\" \/>\n<meta property=\"og:type\" content=\"article\" \/>\n<meta property=\"og:title\" content=\"Busca - Franco Bachot\" \/>\n<meta property=\"og:description\" content=\"Nesta \u00e1rea, voc\u00ea pode realizar uma busca dentro do site da Franco Bachot para localizar informa\u00e7\u00f5es sobre nossos produtos.\" \/>\n<meta property=\"og:url\" content=\"https:\/\/francobachot.com.br\/es\/busca\/\" \/>\n<meta property=\"og:site_name\" content=\"Franco Bachot\" \/>\n<meta property=\"article:modified_time\" content=\"2022-04-22T20:12:06+00:00\" \/>\n<meta name=\"twitter:card\" content=\"summary_large_image\" \/>\n<script type=\"application\/ld+json\" class=\"yoast-schema-graph\">{\"@context\":\"https:\/\/schema.org\",\"@graph\":[{\"@type\":\"WebSite\",\"@id\":\"https:\/\/francobachot.com.br\/es\/#website\",\"url\":\"https:\/\/francobachot.com.br\/es\/\",\"name\":\"Franco Bachot\",\"description\":\"\",\"potentialAction\":[{\"@type\":\"SearchAction\",\"target\":\"https:\/\/francobachot.com.br\/es\/?s={search_term_string}\",\"query-input\":\"required name=search_term_string\"}],\"inLanguage\":\"es\"},{\"@type\":\"WebPage\",\"@id\":\"https:\/\/francobachot.com.br\/es\/busca\/#webpage\",\"url\":\"https:\/\/francobachot.com.br\/es\/busca\/\",\"name\":\"Busca - Franco Bachot\",\"isPartOf\":{\"@id\":\"https:\/\/francobachot.com.br\/es\/#website\"},\"datePublished\":\"2021-03-02T14:47:16+00:00\",\"dateModified\":\"2022-04-22T20:12:06+00:00\",\"description\":\"Nesta \\u00e1rea, voc\\u00ea pode realizar uma busca dentro do site da Franco Bachot para localizar informa\\u00e7\\u00f5es sobre nossos produtos.\",\"inLanguage\":\"es\",\"potentialAction\":[{\"@type\":\"ReadAction\",\"target\":[\"https:\/\/francobachot.com.br\/es\/busca\/\"]}]}]}<\/script>\n<!-- \/ Yoast SEO Premium plugin. -->","_links":{"self":[{"href":"https:\/\/francobachot.com.br\/es\/wp-json\/wp\/v2\/pages\/44945","targetHints":{"allow":["GET"]}}],"collection":[{"href":"https:\/\/francobachot.com.br\/es\/wp-json\/wp\/v2\/pages"}],"about":[{"href":"https:\/\/francobachot.com.br\/es\/wp-json\/wp\/v2\/types\/page"}],"author":[{"embeddable":true,"href":"https:\/\/francobachot.com.br\/es\/wp-json\/wp\/v2\/users\/68"}],"replies":[{"embeddable":true,"href":"https:\/\/francobachot.com.br\/es\/wp-json\/wp\/v2\/comments?post=44945"}],"version-history":[{"count":0,"href":"https:\/\/francobachot.com.br\/es\/wp-json\/wp\/v2\/pages\/44945\/revisions"}],"wp:attachment":[{"href":"https:\/\/francobachot.com.br\/es\/wp-json\/wp\/v2\/media?parent=44945"}],"curies":[{"name":"wp","href":"https:\/\/api.w.org\/{rel}","templated":true}]}}