{"id":41617,"date":"2020-08-28T20:01:08","date_gmt":"2020-08-28T20:01:08","guid":{"rendered":"https:\/\/francobachot.com.br\/?page_id=41617"},"modified":"2026-02-24T20:32:28","modified_gmt":"2026-02-24T20:32:28","slug":"onde-encontrar","status":"publish","type":"page","link":"https:\/\/francobachot.com.br\/es\/onde-encontrar\/","title":{"rendered":"Onde encontrar"},"content":{"rendered":"<div data-elementor-type=\"wp-page\" data-elementor-id=\"41617\" class=\"elementor elementor-41617\" data-elementor-post-type=\"page\">\n\t\t\t\t\t\t<section data-particle_enable=\"false\" data-particle-mobile-disabled=\"false\" data-dce-background-color=\"#EAEDEF\" class=\"elementor-section elementor-top-section elementor-element elementor-element-93fd2fa elementor-section-stretched elementor-section-boxed elementor-section-height-default elementor-section-height-default\" data-id=\"93fd2fa\" data-element_type=\"section\" data-settings=\"{&quot;stretch_section&quot;:&quot;section-stretched&quot;,&quot;background_background&quot;:&quot;classic&quot;}\">\n\t\t\t\t\t\t\t<div class=\"elementor-background-overlay\"><\/div>\n\t\t\t\t\t\t\t<div class=\"elementor-container elementor-column-gap-no\">\n\t\t\t\t\t<div class=\"elementor-column elementor-col-100 elementor-top-column elementor-element elementor-element-926b72b\" data-id=\"926b72b\" data-element_type=\"column\">\n\t\t\t<div class=\"elementor-widget-wrap elementor-element-populated\">\n\t\t\t\t\t\t<div class=\"elementor-element elementor-element-4b8fe69 elementor-widget elementor-widget-woocommerce-breadcrumb\" data-id=\"4b8fe69\" data-element_type=\"widget\" data-widget_type=\"woocommerce-breadcrumb.default\">\n\t\t\t\t<div class=\"elementor-widget-container\">\n\t\t\t\t\t<nav class=\"woocommerce-breadcrumb\" aria-label=\"Breadcrumb\" data-no-translation=\"\" data-trp-gettext=\"\">Inicio<\/nav>\t\t\t\t<\/div>\n\t\t\t\t<\/div>\n\t\t\t\t\t<\/div>\n\t\t<\/div>\n\t\t\t\t\t<\/div>\n\t\t<\/section>\n\t\t\t\t<section data-particle_enable=\"false\" data-particle-mobile-disabled=\"false\" class=\"elementor-section elementor-top-section elementor-element elementor-element-2412c61 elementor-section-boxed elementor-section-height-default elementor-section-height-default\" data-id=\"2412c61\" data-element_type=\"section\">\n\t\t\t\t\t\t<div class=\"elementor-container elementor-column-gap-default\">\n\t\t\t\t\t<div class=\"elementor-column elementor-col-33 elementor-top-column elementor-element elementor-element-cf771b0\" data-id=\"cf771b0\" data-element_type=\"column\">\n\t\t\t<div class=\"elementor-widget-wrap elementor-element-populated\">\n\t\t\t\t\t\t<div class=\"elementor-element elementor-element-7c0acd9 dce_masking-none elementor-position-top elementor-widget elementor-widget-image-box\" data-id=\"7c0acd9\" data-element_type=\"widget\" data-widget_type=\"image-box.default\">\n\t\t\t\t<div class=\"elementor-widget-container\">\n\t\t\t\t\t<div class=\"elementor-image-box-wrapper\"><figure class=\"elementor-image-box-img\"><img fetchpriority=\"high\" decoding=\"async\" width=\"550\" height=\"400\" src=\"https:\/\/francobachot.com.br\/wp-content\/uploads\/2020\/08\/PaulaSousaSP.jpg\" class=\"elementor-animation-grow attachment-full size-full wp-image-41623\" alt=\"Franco Bachot Paula Sousa\" srcset=\"https:\/\/francobachot.com.br\/wp-content\/uploads\/2020\/08\/PaulaSousaSP.jpg 550w, https:\/\/francobachot.com.br\/wp-content\/uploads\/2020\/08\/PaulaSousaSP-300x218.jpg 300w, https:\/\/francobachot.com.br\/wp-content\/uploads\/2020\/08\/PaulaSousaSP-400x291.jpg 400w, https:\/\/francobachot.com.br\/wp-content\/uploads\/2020\/08\/PaulaSousaSP-110x80.jpg 110w\" sizes=\"(max-width: 550px) 100vw, 550px\" \/><\/figure><div class=\"elementor-image-box-content\"><h3 class=\"elementor-image-box-title\">Showroom Paula Sousa<\/h3><p class=\"elementor-image-box-description\">Paula Sousa, 68\/72<br>\nCentro - S\u00e3o Paulo\/SP<br><br>\n\n<b>HORARIO DE ATENCI\u00d3N<br><\/b>\nSegunda a sexta das 8h \u00e0s 17h<br>\n<\/p><\/div><\/div>\t\t\t\t<\/div>\n\t\t\t\t<\/div>\n\t\t\t\t\t<\/div>\n\t\t<\/div>\n\t\t\t\t<div class=\"elementor-column elementor-col-33 elementor-top-column elementor-element elementor-element-1f1ff02\" data-id=\"1f1ff02\" data-element_type=\"column\">\n\t\t\t<div class=\"elementor-widget-wrap elementor-element-populated\">\n\t\t\t\t\t\t<div class=\"elementor-element elementor-element-642abcd dce_masking-none elementor-position-top elementor-widget elementor-widget-image-box\" data-id=\"642abcd\" data-element_type=\"widget\" data-widget_type=\"image-box.default\">\n\t\t\t\t<div class=\"elementor-widget-container\">\n\t\t\t\t\t<div class=\"elementor-image-box-wrapper\"><figure class=\"elementor-image-box-img\"><img decoding=\"async\" width=\"550\" height=\"400\" src=\"https:\/\/francobachot.com.br\/wp-content\/uploads\/2020\/08\/franco_bachot_bandeirantes-550x400-1.png\" class=\"elementor-animation-grow attachment-full size-full wp-image-41621\" alt=\"Franco Bachot Bandeirantes\" srcset=\"https:\/\/francobachot.com.br\/wp-content\/uploads\/2020\/08\/franco_bachot_bandeirantes-550x400-1.png 550w, https:\/\/francobachot.com.br\/wp-content\/uploads\/2020\/08\/franco_bachot_bandeirantes-550x400-1-300x218.png 300w, https:\/\/francobachot.com.br\/wp-content\/uploads\/2020\/08\/franco_bachot_bandeirantes-550x400-1-400x291.png 400w, https:\/\/francobachot.com.br\/wp-content\/uploads\/2020\/08\/franco_bachot_bandeirantes-550x400-1-110x80.png 110w\" sizes=\"(max-width: 550px) 100vw, 550px\" \/><\/figure><div class=\"elementor-image-box-content\"><h3 class=\"elementor-image-box-title\">Showroom Bandeirantes<\/h3><p class=\"elementor-image-box-description\">Avenida dos Bandeirantes, 5.175<br>\nPlanalto Paulista - S\u00e3o Paulo\/SP<br><br>\n\n<b>HORARIO DE ATENCI\u00d3N<br><\/b>\nSegunda a sexta das 08h15 \u00e0s 18h<\/p><\/div><\/div>\t\t\t\t<\/div>\n\t\t\t\t<\/div>\n\t\t\t\t\t<\/div>\n\t\t<\/div>\n\t\t\t\t<div class=\"elementor-column elementor-col-33 elementor-top-column elementor-element elementor-element-c633b85\" data-id=\"c633b85\" data-element_type=\"column\">\n\t\t\t<div class=\"elementor-widget-wrap elementor-element-populated\">\n\t\t\t\t\t\t<div class=\"elementor-element elementor-element-6dee610 dce_masking-none elementor-position-top elementor-widget elementor-widget-image-box\" data-id=\"6dee610\" data-element_type=\"widget\" data-widget_type=\"image-box.default\">\n\t\t\t\t<div class=\"elementor-widget-container\">\n\t\t\t\t\t<div class=\"elementor-image-box-wrapper\"><figure class=\"elementor-image-box-img\"><img decoding=\"async\" width=\"550\" height=\"400\" src=\"https:\/\/francobachot.com.br\/wp-content\/uploads\/2020\/09\/franco-fabrica.jpg\" class=\"elementor-animation-grow attachment-full size-full wp-image-42078\" alt=\"\" srcset=\"https:\/\/francobachot.com.br\/wp-content\/uploads\/2020\/09\/franco-fabrica.jpg 550w, https:\/\/francobachot.com.br\/wp-content\/uploads\/2020\/09\/franco-fabrica-300x218.jpg 300w, https:\/\/francobachot.com.br\/wp-content\/uploads\/2020\/09\/franco-fabrica-400x291.jpg 400w, https:\/\/francobachot.com.br\/wp-content\/uploads\/2020\/09\/franco-fabrica-110x80.jpg 110w\" sizes=\"(max-width: 550px) 100vw, 550px\" \/><\/figure><div class=\"elementor-image-box-content\"><h3 class=\"elementor-image-box-title\">F\u00e1brica<\/h3><p class=\"elementor-image-box-description\">Rua Pioneiro Pedro Liebl, km 9, 163<br>\nCampo da Lan\u00e7a - Mafra\/SC<br><br><span style=\"font-weight: 700;\">HORARIO DE ATENCI\u00d3N<\/span>\n<br>Segunda a quinta: das 07h30 \u00e0s 11h30 e das 12h30 \u00e0s 17h30\/ <br> Sexta-feira: das 7h30 \u00e0s 11h30 e das 12h30 \u00e0s 16h30<\/p><\/div><\/div>\t\t\t\t<\/div>\n\t\t\t\t<\/div>\n\t\t\t\t\t<\/div>\n\t\t<\/div>\n\t\t\t\t\t<\/div>\n\t\t<\/section>\n\t\t\t\t<section data-particle_enable=\"false\" data-particle-mobile-disabled=\"false\" class=\"elementor-section elementor-top-section elementor-element elementor-element-7200f81 elementor-section-boxed elementor-section-height-default elementor-section-height-default\" data-id=\"7200f81\" data-element_type=\"section\">\n\t\t\t\t\t\t<div class=\"elementor-container elementor-column-gap-default\">\n\t\t\t\t\t<div class=\"elementor-column elementor-col-100 elementor-top-column elementor-element elementor-element-c208496\" data-id=\"c208496\" data-element_type=\"column\">\n\t\t\t<div class=\"elementor-widget-wrap elementor-element-populated\">\n\t\t\t\t\t\t<div class=\"elementor-element elementor-element-7116eb8 dce_masking-none elementor-widget elementor-widget-image\" data-id=\"7116eb8\" data-element_type=\"widget\" data-widget_type=\"image.default\">\n\t\t\t\t<div class=\"elementor-widget-container\">\n\t\t\t\t\t\t\t\t\t\t\t\t\t\t\t<img loading=\"lazy\" decoding=\"async\" width=\"650\" height=\"637\" src=\"https:\/\/francobachot.com.br\/wp-content\/uploads\/2020\/09\/mapa.jpg\" class=\"attachment-large size-large wp-image-41921\" alt=\"\" srcset=\"https:\/\/francobachot.com.br\/wp-content\/uploads\/2020\/09\/mapa.jpg 650w, https:\/\/francobachot.com.br\/wp-content\/uploads\/2020\/09\/mapa-300x294.jpg 300w, https:\/\/francobachot.com.br\/wp-content\/uploads\/2020\/09\/mapa-400x392.jpg 400w, https:\/\/francobachot.com.br\/wp-content\/uploads\/2020\/09\/mapa-550x539.jpg 550w\" sizes=\"(max-width: 650px) 100vw, 650px\" \/>\t\t\t\t\t\t\t\t\t\t\t\t\t\t\t<\/div>\n\t\t\t\t<\/div>\n\t\t\t\t\t<\/div>\n\t\t<\/div>\n\t\t\t\t\t<\/div>\n\t\t<\/section>\n\t\t\t\t<section data-particle_enable=\"false\" data-particle-mobile-disabled=\"false\" class=\"elementor-section elementor-top-section elementor-element elementor-element-c4d3c48 elementor-section-boxed elementor-section-height-default elementor-section-height-default\" data-id=\"c4d3c48\" data-element_type=\"section\">\n\t\t\t\t\t\t<div class=\"elementor-container elementor-column-gap-default\">\n\t\t\t\t\t<div class=\"elementor-column elementor-col-33 elementor-top-column elementor-element elementor-element-5702974\" data-id=\"5702974\" data-element_type=\"column\">\n\t\t\t<div class=\"elementor-widget-wrap elementor-element-populated\">\n\t\t\t\t\t\t<div class=\"elementor-element elementor-element-b9f9197 elementor-view-default elementor-position-top elementor-mobile-position-top elementor-widget elementor-widget-icon-box\" data-id=\"b9f9197\" data-element_type=\"widget\" data-widget_type=\"icon-box.default\">\n\t\t\t\t<div class=\"elementor-widget-container\">\n\t\t\t\t\t\t\t<div class=\"elementor-icon-box-wrapper\">\n\n\t\t\t\t\t\t<div class=\"elementor-icon-box-icon\">\n\t\t\t\t<span  class=\"elementor-icon\">\n\t\t\t\t<i aria-hidden=\"true\" class=\"far fa-clock\"><\/i>\t\t\t\t<\/span>\n\t\t\t<\/div>\n\t\t\t\n\t\t\t\t\t\t<div class=\"elementor-icon-box-content\">\n\n\t\t\t\t\t\t\t\t\t<h3 class=\"elementor-icon-box-title\">\n\t\t\t\t\t\t<span  >\n\t\t\t\t\t\t\tHorario de atenci\u00f3n\t\t\t\t\t\t<\/span>\n\t\t\t\t\t<\/h3>\n\t\t\t\t\n\t\t\t\t\t\t\t\t\t<p class=\"elementor-icon-box-description\">\n\t\t\t\t\t\tLunes a viernes: desde las 8h hasta las 12h y desde las 13h hasta las 18h Viernes: desde las 8h hasta las 12h y desde las 13h hasta las 17h\t\t\t\t\t<\/p>\n\t\t\t\t\n\t\t\t<\/div>\n\t\t\t\n\t\t<\/div>\n\t\t\t\t\t\t<\/div>\n\t\t\t\t<\/div>\n\t\t\t\t\t<\/div>\n\t\t<\/div>\n\t\t\t\t<div class=\"elementor-column elementor-col-33 elementor-top-column elementor-element elementor-element-21a5a4e\" data-id=\"21a5a4e\" data-element_type=\"column\">\n\t\t\t<div class=\"elementor-widget-wrap elementor-element-populated\">\n\t\t\t\t\t\t<div class=\"elementor-element elementor-element-d74e1df elementor-view-default elementor-position-top elementor-mobile-position-top elementor-widget elementor-widget-icon-box\" data-id=\"d74e1df\" data-element_type=\"widget\" data-widget_type=\"icon-box.default\">\n\t\t\t\t<div class=\"elementor-widget-container\">\n\t\t\t\t\t\t\t<div class=\"elementor-icon-box-wrapper\">\n\n\t\t\t\t\t\t<div class=\"elementor-icon-box-icon\">\n\t\t\t\t<span  class=\"elementor-icon\">\n\t\t\t\t<i aria-hidden=\"true\" class=\"fas fa-phone\"><\/i>\t\t\t\t<\/span>\n\t\t\t<\/div>\n\t\t\t\n\t\t\t\t\t\t<div class=\"elementor-icon-box-content\">\n\n\t\t\t\t\t\t\t\t\t<h3 class=\"elementor-icon-box-title\">\n\t\t\t\t\t\t<span  >\n\t\t\t\t\t\t\tCentral de atenci\u00f3n\t\t\t\t\t\t<\/span>\n\t\t\t\t\t<\/h3>\n\t\t\t\t\n\t\t\t\t\t\t\t\t\t<p class=\"elementor-icon-box-description\">\n\t\t\t\t\t\t+55 11 4366.8180\t\t\t\t\t<\/p>\n\t\t\t\t\n\t\t\t<\/div>\n\t\t\t\n\t\t<\/div>\n\t\t\t\t\t\t<\/div>\n\t\t\t\t<\/div>\n\t\t\t\t\t<\/div>\n\t\t<\/div>\n\t\t\t\t<div class=\"elementor-column elementor-col-33 elementor-top-column elementor-element elementor-element-b452a32\" data-id=\"b452a32\" data-element_type=\"column\">\n\t\t\t<div class=\"elementor-widget-wrap elementor-element-populated\">\n\t\t\t\t\t\t<div class=\"elementor-element elementor-element-edbc430 elementor-view-default elementor-position-top elementor-mobile-position-top elementor-widget elementor-widget-icon-box\" data-id=\"edbc430\" data-element_type=\"widget\" data-widget_type=\"icon-box.default\">\n\t\t\t\t<div class=\"elementor-widget-container\">\n\t\t\t\t\t\t\t<div class=\"elementor-icon-box-wrapper\">\n\n\t\t\t\t\t\t<div class=\"elementor-icon-box-icon\">\n\t\t\t\t<a href=\"\/es\/onde-encontrar\/\" target=\"_blank\" class=\"elementor-icon\" tabindex=\"-1\" aria-label=\"\u00bfD\u00f3nde nos encuentra?\">\n\t\t\t\t<i aria-hidden=\"true\" class=\"fas fa-map-marker-alt\"><\/i>\t\t\t\t<\/a>\n\t\t\t<\/div>\n\t\t\t\n\t\t\t\t\t\t<div class=\"elementor-icon-box-content\">\n\n\t\t\t\t\t\t\t\t\t<h3 class=\"elementor-icon-box-title\">\n\t\t\t\t\t\t<a href=\"\/es\/onde-encontrar\/\" target=\"_blank\" >\n\t\t\t\t\t\t\t\u00bfD\u00f3nde nos encuentra?\t\t\t\t\t\t<\/a>\n\t\t\t\t\t<\/h3>\n\t\t\t\t\n\t\t\t\t\t\t\t\t\t<p class=\"elementor-icon-box-description\">\n\t\t\t\t\t\t<a href=\"\/es\/onde-encontrar\/\">Vea todas las localidades<\/a>\t\t\t\t\t<\/p>\n\t\t\t\t\n\t\t\t<\/div>\n\t\t\t\n\t\t<\/div>\n\t\t\t\t\t\t<\/div>\n\t\t\t\t<\/div>\n\t\t\t\t\t<\/div>\n\t\t<\/div>\n\t\t\t\t\t<\/div>\n\t\t<\/section>\n\t\t\t\t<section data-particle_enable=\"false\" data-particle-mobile-disabled=\"false\" data-dce-background-overlay-color=\"#202020\" data-dce-background-image-url=\"https:\/\/francobachot.com.br\/wp-content\/uploads\/2020\/06\/191120-Franco-Bachot-015.jpg\" class=\"elementor-section elementor-top-section elementor-element elementor-element-1b932ea elementor-section-full_width elementor-section-stretched elementor-section-height-default elementor-section-height-default\" data-id=\"1b932ea\" data-element_type=\"section\" data-settings=\"{&quot;background_background&quot;:&quot;classic&quot;,&quot;stretch_section&quot;:&quot;section-stretched&quot;}\">\n\t\t\t\t\t\t\t<div class=\"elementor-background-overlay\"><\/div>\n\t\t\t\t\t\t\t<div class=\"elementor-container elementor-column-gap-default\">\n\t\t\t\t\t<div class=\"elementor-column elementor-col-100 elementor-top-column elementor-element elementor-element-eb20965\" data-id=\"eb20965\" data-element_type=\"column\">\n\t\t\t<div class=\"elementor-widget-wrap elementor-element-populated\">\n\t\t\t\t\t\t<div class=\"elementor-element elementor-element-2fb225b elementor-widget elementor-widget-heading\" data-id=\"2fb225b\" data-element_type=\"widget\" data-widget_type=\"heading.default\">\n\t\t\t\t<div class=\"elementor-widget-container\">\n\t\t\t\t\t<p class=\"elementor-heading-title elementor-size-default\"><strong>\u00a1Reg\u00edstrese<\/strong> para recibir las <br>\u00faltimas noticias y ofertas especiales!<\/p>\t\t\t\t<\/div>\n\t\t\t\t<\/div>\n\t\t\t\t<section data-particle_enable=\"false\" data-particle-mobile-disabled=\"false\" class=\"elementor-section elementor-inner-section elementor-element elementor-element-94c36ca elementor-section-boxed elementor-section-height-default elementor-section-height-default\" data-id=\"94c36ca\" data-element_type=\"section\">\n\t\t\t\t\t\t<div class=\"elementor-container elementor-column-gap-default\">\n\t\t\t\t\t<div class=\"elementor-column elementor-col-100 elementor-inner-column elementor-element elementor-element-447ac1f\" data-id=\"447ac1f\" data-element_type=\"column\">\n\t\t\t<div class=\"elementor-widget-wrap elementor-element-populated\">\n\t\t\t\t\t\t<div class=\"elementor-element elementor-element-b5c7fb3 elementor-widget elementor-widget-html\" data-id=\"b5c7fb3\" data-element_type=\"widget\" data-widget_type=\"html.default\">\n\t\t\t\t<div class=\"elementor-widget-container\">\n\t\t\t\t\t<div style=\"display:flex;justify-content:center;\" role=\"main\" id=\"fb-newsletter-6c6f1e7b30ddb2bd57bb\"><\/div>\n<script type=\"text\/javascript\" src=\"https:\/\/d335luupugsy2.cloudfront.net\/js\/rdstation-forms\/stable\/rdstation-forms.min.js\"><\/script>\n<script type=\"text\/javascript\"> new RDStationForms('fb-newsletter-6c6f1e7b30ddb2bd57bb', 'UA-37770090-2').createForm();<\/script>\t\t\t\t<\/div>\n\t\t\t\t<\/div>\n\t\t\t\t\t<\/div>\n\t\t<\/div>\n\t\t\t\t\t<\/div>\n\t\t<\/section>\n\t\t\t\t\t<\/div>\n\t\t<\/div>\n\t\t\t\t\t<\/div>\n\t\t<\/section>\n\t\t\t\t<\/div>","protected":false},"excerpt":{"rendered":"<p>Showroom Paula Sousa Paula Sousa, 68\/72 Centro &#8211; S\u00e3o Paulo\/SP HOR\u00c1RIO DE ATENDIMENTO Segunda a sexta das 8h \u00e0s 17h Showroom Bandeirantes Avenida dos Bandeirantes, 5.175 Planalto Paulista &#8211; S\u00e3o Paulo\/SP HOR\u00c1RIO DE ATENDIMENTO Segunda a sexta das 08h15 \u00e0s 18h F\u00e1brica Rua Pioneiro Pedro Liebl, km 9, 163 Campo da Lan\u00e7a &#8211; Mafra\/SC HOR\u00c1RIO DE ATENDIMENTO Segunda a quinta: das 07h30 \u00e0s 11h30 e das 12h30 \u00e0s 17h30\/ Sexta-feira: das 7h30 \u00e0s 11h30 e das 12h30 \u00e0s 16h30 Hor\u00e1rio de atendimento Segunda a quinta: das 8h \u00e0s 12h e das 13h \u00e0s 18h Sexta: das 8h \u00e0s 12h e [&hellip;]<\/p>","protected":false},"author":68,"featured_media":0,"parent":0,"menu_order":0,"comment_status":"closed","ping_status":"closed","template":"","meta":{"_acf_changed":false,"footnotes":""},"class_list":["post-41617","page","type-page","status-publish","hentry"],"acf":[],"yoast_head":"<!-- This site is optimized with the Yoast SEO Premium plugin v15.0 - https:\/\/yoast.com\/wordpress\/plugins\/seo\/ -->\n<title>Onde encontrar as lojas da Franco Bachot<\/title>\n<meta name=\"description\" content=\"A Franco Bachot est\u00e1 localizado em 3 endere\u00e7o, sendo que, as 2 lojas Showroom se encontram em S\u00e3o Paulo capital e a Fabrica em Mafra\/SC\" \/>\n<meta name=\"robots\" content=\"index, follow, max-snippet:-1, max-image-preview:large, max-video-preview:-1\" \/>\n<link rel=\"canonical\" href=\"https:\/\/francobachot.com.br\/es\/onde-encontrar\/\" \/>\n<meta property=\"og:locale\" content=\"es_ES\" \/>\n<meta property=\"og:type\" content=\"article\" \/>\n<meta property=\"og:title\" content=\"Onde encontrar as lojas da Franco Bachot\" \/>\n<meta property=\"og:description\" content=\"A Franco Bachot est\u00e1 localizado em 3 endere\u00e7o, sendo que, as 2 lojas Showroom se encontram em S\u00e3o Paulo capital e a Fabrica em Mafra\/SC\" \/>\n<meta property=\"og:url\" content=\"https:\/\/francobachot.com.br\/es\/onde-encontrar\/\" \/>\n<meta property=\"og:site_name\" content=\"Franco Bachot\" \/>\n<meta property=\"article:modified_time\" content=\"2026-02-24T20:32:28+00:00\" \/>\n<meta property=\"og:image\" content=\"https:\/\/francobachot.com.br\/wp-content\/uploads\/2020\/08\/PaulaSousaSP.jpg\" \/>\n<meta name=\"twitter:card\" content=\"summary_large_image\" \/>\n<script type=\"application\/ld+json\" class=\"yoast-schema-graph\">{\"@context\":\"https:\/\/schema.org\",\"@graph\":[{\"@type\":\"WebSite\",\"@id\":\"https:\/\/francobachot.com.br\/es\/#website\",\"url\":\"https:\/\/francobachot.com.br\/es\/\",\"name\":\"Franco Bachot\",\"description\":\"\",\"potentialAction\":[{\"@type\":\"SearchAction\",\"target\":\"https:\/\/francobachot.com.br\/es\/?s={search_term_string}\",\"query-input\":\"required name=search_term_string\"}],\"inLanguage\":\"es\"},{\"@type\":\"ImageObject\",\"@id\":\"https:\/\/francobachot.com.br\/es\/onde-encontrar\/#primaryimage\",\"inLanguage\":\"es\",\"url\":\"https:\/\/francobachot.com.br\/wp-content\/uploads\/2020\/08\/PaulaSousaSP.jpg\",\"width\":550,\"height\":400,\"caption\":\"Franco Bachot Paula Sousa\"},{\"@type\":\"WebPage\",\"@id\":\"https:\/\/francobachot.com.br\/es\/onde-encontrar\/#webpage\",\"url\":\"https:\/\/francobachot.com.br\/es\/onde-encontrar\/\",\"name\":\"Onde encontrar as lojas da Franco Bachot\",\"isPartOf\":{\"@id\":\"https:\/\/francobachot.com.br\/es\/#website\"},\"primaryImageOfPage\":{\"@id\":\"https:\/\/francobachot.com.br\/es\/onde-encontrar\/#primaryimage\"},\"datePublished\":\"2020-08-28T20:01:08+00:00\",\"dateModified\":\"2026-02-24T20:32:28+00:00\",\"description\":\"A Franco Bachot est\\u00e1 localizado em 3 endere\\u00e7o, sendo que, as 2 lojas Showroom se encontram em S\\u00e3o Paulo capital e a Fabrica em Mafra\/SC\",\"inLanguage\":\"es\",\"potentialAction\":[{\"@type\":\"ReadAction\",\"target\":[\"https:\/\/francobachot.com.br\/es\/onde-encontrar\/\"]}]}]}<\/script>\n<!-- \/ Yoast SEO Premium plugin. -->","_links":{"self":[{"href":"https:\/\/francobachot.com.br\/es\/wp-json\/wp\/v2\/pages\/41617","targetHints":{"allow":["GET"]}}],"collection":[{"href":"https:\/\/francobachot.com.br\/es\/wp-json\/wp\/v2\/pages"}],"about":[{"href":"https:\/\/francobachot.com.br\/es\/wp-json\/wp\/v2\/types\/page"}],"author":[{"embeddable":true,"href":"https:\/\/francobachot.com.br\/es\/wp-json\/wp\/v2\/users\/68"}],"replies":[{"embeddable":true,"href":"https:\/\/francobachot.com.br\/es\/wp-json\/wp\/v2\/comments?post=41617"}],"version-history":[{"count":6,"href":"https:\/\/francobachot.com.br\/es\/wp-json\/wp\/v2\/pages\/41617\/revisions"}],"predecessor-version":[{"id":54359,"href":"https:\/\/francobachot.com.br\/es\/wp-json\/wp\/v2\/pages\/41617\/revisions\/54359"}],"wp:attachment":[{"href":"https:\/\/francobachot.com.br\/es\/wp-json\/wp\/v2\/media?parent=41617"}],"curies":[{"name":"wp","href":"https:\/\/api.w.org\/{rel}","templated":true}]}}