{"id":40450,"date":"2016-07-22T08:15:33","date_gmt":"2016-07-22T08:15:33","guid":{"rendered":"https:\/\/francobachot.com.br\/produto\/cadeira-asturias-390\/"},"modified":"2025-09-11T19:33:59","modified_gmt":"2025-09-11T19:33:59","slug":"cadeira-asturias-390","status":"publish","type":"product","link":"https:\/\/francobachot.com.br\/en\/product\/cadeira-asturias-390\/","title":{"rendered":"Asturias Chair"},"content":{"rendered":"<p><em><span style=\"color: #000000;\">The images on the site are merely illustrative and may not accurately represent the colors of the furniture finishings.<\/span><\/em><br \/>\n<em><span style=\"color: #000000;\">Before making your purchase, consult the physical samples of finishings, and validate the technical specifications and the <\/span><\/em><em><span style=\"color: #000000;\">necessary information with a representative of\u00a0<strong>Franco Bachot.<\/strong><\/span><\/em><\/p>","protected":false},"excerpt":{"rendered":"<p>Tubular carbon steel structure available in black, metallic gray, brown coffee, and aluminum. Seat and backrest in single shell of multilaminate coated with single-color high-pressure melamine, wood patterns with shell edges in natural finishing. Or shell coated in stained wood veneer in FB patterns.<\/p>\n<p><strong>Sizes<\/strong><\/p>\n<figure id=\"attachment_43237\" aria-describedby=\"caption-attachment-43237\" style=\"width: 65px\" class=\"wp-caption alignleft\"><img decoding=\"async\" class=\"wp-image-43237\" src=\"http:\/\/francobachot.com.br\/wp-content\/uploads\/2021\/01\/altura-7.jpg\" alt=\"\" width=\"65\" height=\"65\" srcset=\"https:\/\/francobachot.com.br\/wp-content\/uploads\/2021\/01\/altura-7.jpg 1000w, https:\/\/francobachot.com.br\/wp-content\/uploads\/2021\/01\/altura-7-300x300.jpg 300w, https:\/\/francobachot.com.br\/wp-content\/uploads\/2021\/01\/altura-7-150x150.jpg 150w, https:\/\/francobachot.com.br\/wp-content\/uploads\/2021\/01\/altura-7-768x768.jpg 768w, https:\/\/francobachot.com.br\/wp-content\/uploads\/2021\/01\/altura-7-360x360.jpg 360w, https:\/\/francobachot.com.br\/wp-content\/uploads\/2021\/01\/altura-7-400x400.jpg 400w, https:\/\/francobachot.com.br\/wp-content\/uploads\/2021\/01\/altura-7-100x100.jpg 100w, https:\/\/francobachot.com.br\/wp-content\/uploads\/2021\/01\/altura-7-250x250.jpg 250w, https:\/\/francobachot.com.br\/wp-content\/uploads\/2021\/01\/altura-7-140x140.jpg 140w, https:\/\/francobachot.com.br\/wp-content\/uploads\/2021\/01\/altura-7-110x110.jpg 110w, https:\/\/francobachot.com.br\/wp-content\/uploads\/2021\/01\/altura-7-275x275.jpg 275w, https:\/\/francobachot.com.br\/wp-content\/uploads\/2021\/01\/altura-7-800x800.jpg 800w, https:\/\/francobachot.com.br\/wp-content\/uploads\/2021\/01\/altura-7-550x550.jpg 550w\" sizes=\"(max-width: 65px) 100vw, 65px\" \/><figcaption id=\"caption-attachment-43237\" class=\"wp-caption-text\">885\u00a0 mm<\/figcaption><\/figure>\n<figure id=\"attachment_43238\" aria-describedby=\"caption-attachment-43238\" style=\"width: 65px\" class=\"wp-caption alignleft\"><img decoding=\"async\" class=\"wp-image-43238\" src=\"http:\/\/francobachot.com.br\/wp-content\/uploads\/2021\/01\/largura-7.jpg\" alt=\"\" width=\"65\" height=\"65\" srcset=\"https:\/\/francobachot.com.br\/wp-content\/uploads\/2021\/01\/largura-7.jpg 1000w, https:\/\/francobachot.com.br\/wp-content\/uploads\/2021\/01\/largura-7-300x300.jpg 300w, https:\/\/francobachot.com.br\/wp-content\/uploads\/2021\/01\/largura-7-150x150.jpg 150w, https:\/\/francobachot.com.br\/wp-content\/uploads\/2021\/01\/largura-7-768x768.jpg 768w, https:\/\/francobachot.com.br\/wp-content\/uploads\/2021\/01\/largura-7-360x360.jpg 360w, https:\/\/francobachot.com.br\/wp-content\/uploads\/2021\/01\/largura-7-400x400.jpg 400w, https:\/\/francobachot.com.br\/wp-content\/uploads\/2021\/01\/largura-7-100x100.jpg 100w, https:\/\/francobachot.com.br\/wp-content\/uploads\/2021\/01\/largura-7-250x250.jpg 250w, https:\/\/francobachot.com.br\/wp-content\/uploads\/2021\/01\/largura-7-140x140.jpg 140w, https:\/\/francobachot.com.br\/wp-content\/uploads\/2021\/01\/largura-7-110x110.jpg 110w, https:\/\/francobachot.com.br\/wp-content\/uploads\/2021\/01\/largura-7-275x275.jpg 275w, https:\/\/francobachot.com.br\/wp-content\/uploads\/2021\/01\/largura-7-800x800.jpg 800w, https:\/\/francobachot.com.br\/wp-content\/uploads\/2021\/01\/largura-7-550x550.jpg 550w\" sizes=\"(max-width: 65px) 100vw, 65px\" \/><figcaption id=\"caption-attachment-43238\" class=\"wp-caption-text\">390\u00a0 mm<\/figcaption><\/figure>\n<figure id=\"attachment_43231\" aria-describedby=\"caption-attachment-43231\" style=\"width: 65px\" class=\"wp-caption alignleft\"><img decoding=\"async\" class=\"wp-image-43231\" src=\"http:\/\/francobachot.com.br\/wp-content\/uploads\/2016\/07\/profundidade-2.jpg\" alt=\"\" width=\"65\" height=\"65\" srcset=\"https:\/\/francobachot.com.br\/wp-content\/uploads\/2016\/07\/profundidade-2.jpg 1000w, https:\/\/francobachot.com.br\/wp-content\/uploads\/2016\/07\/profundidade-2-300x300.jpg 300w, https:\/\/francobachot.com.br\/wp-content\/uploads\/2016\/07\/profundidade-2-150x150.jpg 150w, https:\/\/francobachot.com.br\/wp-content\/uploads\/2016\/07\/profundidade-2-768x768.jpg 768w, https:\/\/francobachot.com.br\/wp-content\/uploads\/2016\/07\/profundidade-2-360x360.jpg 360w, https:\/\/francobachot.com.br\/wp-content\/uploads\/2016\/07\/profundidade-2-400x400.jpg 400w, https:\/\/francobachot.com.br\/wp-content\/uploads\/2016\/07\/profundidade-2-100x100.jpg 100w, https:\/\/francobachot.com.br\/wp-content\/uploads\/2016\/07\/profundidade-2-250x250.jpg 250w, https:\/\/francobachot.com.br\/wp-content\/uploads\/2016\/07\/profundidade-2-140x140.jpg 140w, https:\/\/francobachot.com.br\/wp-content\/uploads\/2016\/07\/profundidade-2-110x110.jpg 110w, https:\/\/francobachot.com.br\/wp-content\/uploads\/2016\/07\/profundidade-2-275x275.jpg 275w, https:\/\/francobachot.com.br\/wp-content\/uploads\/2016\/07\/profundidade-2-800x800.jpg 800w, https:\/\/francobachot.com.br\/wp-content\/uploads\/2016\/07\/profundidade-2-550x550.jpg 550w\" sizes=\"(max-width: 65px) 100vw, 65px\" \/><figcaption id=\"caption-attachment-43231\" class=\"wp-caption-text\">560\u00a0 mm<\/figcaption><\/figure>\n<figure id=\"attachment_43230\" aria-describedby=\"caption-attachment-43230\" style=\"width: 70px\" class=\"wp-caption alignleft\"><img loading=\"lazy\" decoding=\"async\" class=\"wp-image-43230\" src=\"http:\/\/francobachot.com.br\/wp-content\/uploads\/2016\/07\/peso-2.jpg\" alt=\"\" width=\"70\" height=\"70\" srcset=\"https:\/\/francobachot.com.br\/wp-content\/uploads\/2016\/07\/peso-2.jpg 1000w, https:\/\/francobachot.com.br\/wp-content\/uploads\/2016\/07\/peso-2-300x300.jpg 300w, https:\/\/francobachot.com.br\/wp-content\/uploads\/2016\/07\/peso-2-150x150.jpg 150w, https:\/\/francobachot.com.br\/wp-content\/uploads\/2016\/07\/peso-2-768x768.jpg 768w, https:\/\/francobachot.com.br\/wp-content\/uploads\/2016\/07\/peso-2-360x360.jpg 360w, https:\/\/francobachot.com.br\/wp-content\/uploads\/2016\/07\/peso-2-400x400.jpg 400w, https:\/\/francobachot.com.br\/wp-content\/uploads\/2016\/07\/peso-2-100x100.jpg 100w, https:\/\/francobachot.com.br\/wp-content\/uploads\/2016\/07\/peso-2-250x250.jpg 250w, https:\/\/francobachot.com.br\/wp-content\/uploads\/2016\/07\/peso-2-140x140.jpg 140w, https:\/\/francobachot.com.br\/wp-content\/uploads\/2016\/07\/peso-2-110x110.jpg 110w, https:\/\/francobachot.com.br\/wp-content\/uploads\/2016\/07\/peso-2-275x275.jpg 275w, https:\/\/francobachot.com.br\/wp-content\/uploads\/2016\/07\/peso-2-800x800.jpg 800w, https:\/\/francobachot.com.br\/wp-content\/uploads\/2016\/07\/peso-2-550x550.jpg 550w\" sizes=\"(max-width: 70px) 100vw, 70px\" \/><figcaption id=\"caption-attachment-43230\" class=\"wp-caption-text\"><span style=\"vertical-align: inherit;\">n\/d\u00a0 kg<\/span><\/figcaption><\/figure>","protected":false},"featured_media":44155,"comment_status":"open","ping_status":"closed","template":"","meta":{"_acf_changed":false},"product_brand":[],"product_cat":[1014,1015],"product_tag":[],"class_list":{"0":"post-40450","1":"product","2":"type-product","3":"status-publish","4":"has-post-thumbnail","6":"product_cat-linha-mondiale-trends","7":"product_cat-cadeiras-linha-trends","9":"ltx-product-hover-gallery","11":"first","12":"instock","13":"virtual","14":"product-type-simple"},"acf":[],"yoast_head":"<!-- This site is optimized with the Yoast SEO Premium plugin v15.0 - https:\/\/yoast.com\/wordpress\/plugins\/seo\/ -->\n<title>Cadeira Asturias - Franco Bachot<\/title>\n<meta name=\"robots\" content=\"index, follow, max-snippet:-1, max-image-preview:large, max-video-preview:-1\" \/>\n<link rel=\"canonical\" href=\"https:\/\/francobachot.com.br\/en\/product\/cadeira-asturias-390\/\" \/>\n<meta property=\"og:locale\" content=\"en_US\" \/>\n<meta property=\"og:type\" content=\"article\" \/>\n<meta property=\"og:title\" content=\"Cadeira Asturias - Franco Bachot\" \/>\n<meta property=\"og:description\" content=\"Estrutura tubular em a\u00e7o carbono dispon\u00edveis nas cores preto, cinza metalizado, marrom caf\u00e9 e alum\u00ednio. Assento e encosto em concha \u00fanica de multilaminado revestido com melam\u00ednico de alta press\u00e3o unicolor, padr\u00f5es madeirados com bordas da concha no acabamento natural. Ou concha revestida em l\u00e2mina de madeira tingida nos padr\u00f5es FB.  Dimens\u00f5es:\" \/>\n<meta property=\"og:url\" content=\"https:\/\/francobachot.com.br\/en\/product\/cadeira-asturias-390\/\" \/>\n<meta property=\"og:site_name\" content=\"Franco Bachot\" \/>\n<meta property=\"article:modified_time\" content=\"2025-09-11T19:33:59+00:00\" \/>\n<meta property=\"og:image\" content=\"https:\/\/francobachot.com.br\/wp-content\/uploads\/2016\/07\/1000x1000-Cadeira-Asturias-3901.jpg\" \/>\n\t<meta property=\"og:image:width\" content=\"1000\" \/>\n\t<meta property=\"og:image:height\" content=\"1000\" \/>\n<meta name=\"twitter:card\" content=\"summary_large_image\" \/>\n<script type=\"application\/ld+json\" class=\"yoast-schema-graph\">{\"@context\":\"https:\/\/schema.org\",\"@graph\":[{\"@type\":\"WebSite\",\"@id\":\"https:\/\/francobachot.com.br\/en\/#website\",\"url\":\"https:\/\/francobachot.com.br\/en\/\",\"name\":\"Franco Bachot\",\"description\":\"\",\"potentialAction\":[{\"@type\":\"SearchAction\",\"target\":\"https:\/\/francobachot.com.br\/en\/?s={search_term_string}\",\"query-input\":\"required name=search_term_string\"}],\"inLanguage\":\"en-US\"},{\"@type\":\"ImageObject\",\"@id\":\"https:\/\/francobachot.com.br\/en\/product\/cadeira-asturias-390\/#primaryimage\",\"inLanguage\":\"en-US\",\"url\":\"https:\/\/francobachot.com.br\/wp-content\/uploads\/2016\/07\/1000x1000-Cadeira-Asturias-3901.jpg\",\"width\":1000,\"height\":1000},{\"@type\":\"WebPage\",\"@id\":\"https:\/\/francobachot.com.br\/en\/product\/cadeira-asturias-390\/#webpage\",\"url\":\"https:\/\/francobachot.com.br\/en\/product\/cadeira-asturias-390\/\",\"name\":\"Cadeira Asturias - Franco Bachot\",\"isPartOf\":{\"@id\":\"https:\/\/francobachot.com.br\/en\/#website\"},\"primaryImageOfPage\":{\"@id\":\"https:\/\/francobachot.com.br\/en\/product\/cadeira-asturias-390\/#primaryimage\"},\"datePublished\":\"2016-07-22T08:15:33+00:00\",\"dateModified\":\"2025-09-11T19:33:59+00:00\",\"inLanguage\":\"en-US\",\"potentialAction\":[{\"@type\":\"ReadAction\",\"target\":[\"https:\/\/francobachot.com.br\/en\/product\/cadeira-asturias-390\/\"]}]}]}<\/script>\n<!-- \/ Yoast SEO Premium plugin. -->","_links":{"self":[{"href":"https:\/\/francobachot.com.br\/en\/wp-json\/wp\/v2\/product\/40450","targetHints":{"allow":["GET"]}}],"collection":[{"href":"https:\/\/francobachot.com.br\/en\/wp-json\/wp\/v2\/product"}],"about":[{"href":"https:\/\/francobachot.com.br\/en\/wp-json\/wp\/v2\/types\/product"}],"replies":[{"embeddable":true,"href":"https:\/\/francobachot.com.br\/en\/wp-json\/wp\/v2\/comments?post=40450"}],"version-history":[{"count":4,"href":"https:\/\/francobachot.com.br\/en\/wp-json\/wp\/v2\/product\/40450\/revisions"}],"predecessor-version":[{"id":50675,"href":"https:\/\/francobachot.com.br\/en\/wp-json\/wp\/v2\/product\/40450\/revisions\/50675"}],"wp:featuredmedia":[{"embeddable":true,"href":"https:\/\/francobachot.com.br\/en\/wp-json\/wp\/v2\/media\/44155"}],"wp:attachment":[{"href":"https:\/\/francobachot.com.br\/en\/wp-json\/wp\/v2\/media?parent=40450"}],"wp:term":[{"taxonomy":"product_brand","embeddable":true,"href":"https:\/\/francobachot.com.br\/en\/wp-json\/wp\/v2\/product_brand?post=40450"},{"taxonomy":"product_cat","embeddable":true,"href":"https:\/\/francobachot.com.br\/en\/wp-json\/wp\/v2\/product_cat?post=40450"},{"taxonomy":"product_tag","embeddable":true,"href":"https:\/\/francobachot.com.br\/en\/wp-json\/wp\/v2\/product_tag?post=40450"}],"curies":[{"name":"wp","href":"https:\/\/api.w.org\/{rel}","templated":true}]}}