{"id":51802,"date":"2023-04-18T09:40:28","date_gmt":"2023-04-18T09:40:28","guid":{"rendered":"https:\/\/francobachot.com.br\/?page_id=51802"},"modified":"2023-04-18T17:09:51","modified_gmt":"2023-04-18T17:09:51","slug":"catalogos","status":"publish","type":"page","link":"https:\/\/francobachot.com.br\/en\/catalogos\/","title":{"rendered":"Baixe os Catalogos"},"content":{"rendered":"<div data-elementor-type=\"wp-page\" data-elementor-id=\"51802\" class=\"elementor elementor-51802\" data-elementor-post-type=\"page\">\n\t\t\t\t\t\t<section data-particle_enable=\"false\" data-particle-mobile-disabled=\"false\" class=\"elementor-section elementor-top-section elementor-element elementor-element-87c77b4 elementor-section-boxed elementor-section-height-default elementor-section-height-default\" data-id=\"87c77b4\" data-element_type=\"section\">\n\t\t\t\t\t\t<div class=\"elementor-container elementor-column-gap-default\">\n\t\t\t\t\t<div class=\"elementor-column elementor-col-100 elementor-top-column elementor-element elementor-element-45b6cd9\" data-id=\"45b6cd9\" data-element_type=\"column\">\n\t\t\t<div class=\"elementor-widget-wrap elementor-element-populated\">\n\t\t\t\t\t\t<div class=\"elementor-element elementor-element-9322c97 elementor-widget elementor-widget-heading\" data-id=\"9322c97\" data-element_type=\"widget\" data-widget_type=\"heading.default\">\n\t\t\t\t<div class=\"elementor-widget-container\">\n\t\t\t\t\t<h2 class=\"elementor-heading-title elementor-size-default\">Baixe os cat\u00e1logos <b>FRANCO BACHOT<\/b><\/h2>\t\t\t\t<\/div>\n\t\t\t\t<\/div>\n\t\t\t\t\t<\/div>\n\t\t<\/div>\n\t\t\t\t\t<\/div>\n\t\t<\/section>\n\t\t\t\t<section data-particle_enable=\"false\" data-particle-mobile-disabled=\"false\" class=\"elementor-section elementor-top-section elementor-element elementor-element-be1a09b elementor-section-boxed elementor-section-height-default elementor-section-height-default\" data-id=\"be1a09b\" data-element_type=\"section\">\n\t\t\t\t\t\t<div class=\"elementor-container elementor-column-gap-default\">\n\t\t\t\t\t<div class=\"elementor-column elementor-col-100 elementor-top-column elementor-element elementor-element-e3e5493\" data-id=\"e3e5493\" data-element_type=\"column\">\n\t\t\t<div class=\"elementor-widget-wrap elementor-element-populated\">\n\t\t\t\t\t\t<div class=\"elementor-element elementor-element-d94d2e7 elementor-widget elementor-widget-text-editor\" data-id=\"d94d2e7\" data-element_type=\"widget\" id=\"textodestaque\" data-widget_type=\"text-editor.default\">\n\t\t\t\t<div class=\"elementor-widget-container\">\n\t\t\t\t\t\t\t\t\t<p><span lang=\"pt-BR\">Conhe\u00e7a todas as solu\u00e7\u00f5es de mobili\u00e1rio desenvolvidas pela <strong>FRANCO BACHOT<\/strong> para o seu neg\u00f3cio. Reunimos, em cada uma de nossas linhas de produtos, m\u00f3veis com estilos e atributos espec\u00edficos para cada necessidade.<br \/>Fa\u00e7a seu cadastro para baixar os cat\u00e1logos agora mesmo.<\/span><\/p>\t\t\t\t\t\t\t\t<\/div>\n\t\t\t\t<\/div>\n\t\t\t\t\t<\/div>\n\t\t<\/div>\n\t\t\t\t\t<\/div>\n\t\t<\/section>\n\t\t\t\t<section data-particle_enable=\"false\" data-particle-mobile-disabled=\"false\" class=\"elementor-section elementor-top-section elementor-element elementor-element-a2bf8b2 elementor-section-boxed elementor-section-height-default elementor-section-height-default\" data-id=\"a2bf8b2\" data-element_type=\"section\">\n\t\t\t\t\t\t<div class=\"elementor-container elementor-column-gap-default\">\n\t\t\t\t\t<div class=\"elementor-column elementor-col-100 elementor-top-column elementor-element elementor-element-7aeff55\" data-id=\"7aeff55\" data-element_type=\"column\">\n\t\t\t<div class=\"elementor-widget-wrap elementor-element-populated\">\n\t\t\t\t\t\t<div data-dce-advanced-background-color=\"#FFFFFF\" class=\"elementor-element elementor-element-49f051f elementor-widget elementor-widget-html\" data-id=\"49f051f\" data-element_type=\"widget\" data-widget_type=\"html.default\">\n\t\t\t\t<div class=\"elementor-widget-container\">\n\t\t\t\t\t<div role=\"main\" id=\"download-de-catalogos-3c40bf1ff93db726ef60\"><\/div><script type=\"text\/javascript\" src=\"https:\/\/d335luupugsy2.cloudfront.net\/js\/rdstation-forms\/stable\/rdstation-forms.min.js\"><\/script><script type=\"text\/javascript\"> new RDStationForms('download-de-catalogos-3c40bf1ff93db726ef60', 'UA-37770090-2').createForm();<\/script>\n\n<style>\n#rd-form-lf01y6pg input{\n    width: 100%!important;\n}\n.bricks-form__fieldset{\n    \n    width:100%!important;\n}\n<\/style>\t\t\t\t<\/div>\n\t\t\t\t<\/div>\n\t\t\t\t\t<\/div>\n\t\t<\/div>\n\t\t\t\t\t<\/div>\n\t\t<\/section>\n\t\t\t\t<\/div>","protected":false},"excerpt":{"rendered":"<p>Baixe os cat\u00e1logos Franco Bachot Conhe\u00e7a todas as solu\u00e7\u00f5es de mobili\u00e1rio desenvolvidas pela Franco Bachot para o seu neg\u00f3cio. Reunimos, em cada uma de nossas linhas de produtos, m\u00f3veis com estilos e atributos espec\u00edficos para cada necessidade.Fa\u00e7a seu cadastro para baixar os cat\u00e1logos agora mesmo.<\/p>","protected":false},"author":68,"featured_media":0,"parent":0,"menu_order":0,"comment_status":"closed","ping_status":"closed","template":"","meta":{"_acf_changed":false,"footnotes":""},"class_list":["post-51802","page","type-page","status-publish","hentry"],"acf":[],"yoast_head":"<!-- This site is optimized with the Yoast SEO Premium plugin v15.0 - https:\/\/yoast.com\/wordpress\/plugins\/seo\/ -->\n<title>Baixe os Catalogos - Franco Bachot<\/title>\n<meta name=\"robots\" content=\"index, follow, max-snippet:-1, max-image-preview:large, max-video-preview:-1\" \/>\n<link rel=\"canonical\" href=\"https:\/\/francobachot.com.br\/en\/catalogos\/\" \/>\n<meta property=\"og:locale\" content=\"en_US\" \/>\n<meta property=\"og:type\" content=\"article\" \/>\n<meta property=\"og:title\" content=\"Baixe os Catalogos - Franco Bachot\" \/>\n<meta property=\"og:description\" content=\"Baixe os cat\u00e1logos Franco Bachot Conhe\u00e7a todas as solu\u00e7\u00f5es de mobili\u00e1rio desenvolvidas pela Franco Bachot para o seu neg\u00f3cio. Reunimos, em cada uma de nossas linhas de produtos, m\u00f3veis com estilos e atributos espec\u00edficos para cada necessidade.Fa\u00e7a seu cadastro para baixar os cat\u00e1logos agora mesmo.\" \/>\n<meta property=\"og:url\" content=\"https:\/\/francobachot.com.br\/en\/catalogos\/\" \/>\n<meta property=\"og:site_name\" content=\"Franco Bachot\" \/>\n<meta property=\"article:modified_time\" content=\"2023-04-18T17:09:51+00:00\" \/>\n<meta name=\"twitter:card\" content=\"summary_large_image\" \/>\n<script type=\"application\/ld+json\" class=\"yoast-schema-graph\">{\"@context\":\"https:\/\/schema.org\",\"@graph\":[{\"@type\":\"WebSite\",\"@id\":\"https:\/\/francobachot.com.br\/en\/#website\",\"url\":\"https:\/\/francobachot.com.br\/en\/\",\"name\":\"Franco Bachot\",\"description\":\"\",\"potentialAction\":[{\"@type\":\"SearchAction\",\"target\":\"https:\/\/francobachot.com.br\/en\/?s={search_term_string}\",\"query-input\":\"required name=search_term_string\"}],\"inLanguage\":\"en-US\"},{\"@type\":\"WebPage\",\"@id\":\"https:\/\/francobachot.com.br\/en\/catalogos\/#webpage\",\"url\":\"https:\/\/francobachot.com.br\/en\/catalogos\/\",\"name\":\"Baixe os Catalogos - Franco Bachot\",\"isPartOf\":{\"@id\":\"https:\/\/francobachot.com.br\/en\/#website\"},\"datePublished\":\"2023-04-18T09:40:28+00:00\",\"dateModified\":\"2023-04-18T17:09:51+00:00\",\"inLanguage\":\"en-US\",\"potentialAction\":[{\"@type\":\"ReadAction\",\"target\":[\"https:\/\/francobachot.com.br\/en\/catalogos\/\"]}]}]}<\/script>\n<!-- \/ Yoast SEO Premium plugin. -->","_links":{"self":[{"href":"https:\/\/francobachot.com.br\/en\/wp-json\/wp\/v2\/pages\/51802","targetHints":{"allow":["GET"]}}],"collection":[{"href":"https:\/\/francobachot.com.br\/en\/wp-json\/wp\/v2\/pages"}],"about":[{"href":"https:\/\/francobachot.com.br\/en\/wp-json\/wp\/v2\/types\/page"}],"author":[{"embeddable":true,"href":"https:\/\/francobachot.com.br\/en\/wp-json\/wp\/v2\/users\/68"}],"replies":[{"embeddable":true,"href":"https:\/\/francobachot.com.br\/en\/wp-json\/wp\/v2\/comments?post=51802"}],"version-history":[{"count":19,"href":"https:\/\/francobachot.com.br\/en\/wp-json\/wp\/v2\/pages\/51802\/revisions"}],"predecessor-version":[{"id":51843,"href":"https:\/\/francobachot.com.br\/en\/wp-json\/wp\/v2\/pages\/51802\/revisions\/51843"}],"wp:attachment":[{"href":"https:\/\/francobachot.com.br\/en\/wp-json\/wp\/v2\/media?parent=51802"}],"curies":[{"name":"wp","href":"https:\/\/api.w.org\/{rel}","templated":true}]}}