{"id":51663,"date":"2023-04-06T18:06:30","date_gmt":"2023-04-06T18:06:30","guid":{"rendered":"https:\/\/francobachot.com.br\/?page_id=51663"},"modified":"2025-06-17T19:27:12","modified_gmt":"2025-06-17T19:27:12","slug":"solicite-um-orcamento","status":"publish","type":"page","link":"https:\/\/francobachot.com.br\/en\/solicite-um-orcamento\/","title":{"rendered":"Solicite um or\u00e7amento"},"content":{"rendered":"<div data-elementor-type=\"wp-page\" data-elementor-id=\"51663\" class=\"elementor elementor-51663\" data-elementor-post-type=\"page\">\n\t\t\t\t\t\t<section data-particle_enable=\"false\" data-particle-mobile-disabled=\"false\" class=\"elementor-section elementor-top-section elementor-element elementor-element-30a8883 elementor-section-full_width elementor-section-height-default elementor-section-height-default\" data-id=\"30a8883\" data-element_type=\"section\">\n\t\t\t\t\t\t<div class=\"elementor-container elementor-column-gap-default\">\n\t\t\t\t\t<div class=\"elementor-column elementor-col-100 elementor-top-column elementor-element elementor-element-0948376\" data-id=\"0948376\" data-element_type=\"column\">\n\t\t\t<div class=\"elementor-widget-wrap\">\n\t\t\t\t\t\t\t<\/div>\n\t\t<\/div>\n\t\t\t\t\t<\/div>\n\t\t<\/section>\n\t\t\t\t<section data-particle_enable=\"false\" data-particle-mobile-disabled=\"false\" data-dce-background-color=\"#BDBDBD\" class=\"elementor-section elementor-top-section elementor-element elementor-element-427733e elementor-section-full_width elementor-section-stretched elementor-section-height-default elementor-section-height-default\" data-id=\"427733e\" data-element_type=\"section\" data-settings=\"{&quot;background_background&quot;:&quot;classic&quot;,&quot;stretch_section&quot;:&quot;section-stretched&quot;}\">\n\t\t\t\t\t\t<div class=\"elementor-container elementor-column-gap-default\">\n\t\t\t\t\t<div class=\"elementor-column elementor-col-100 elementor-top-column elementor-element elementor-element-c64103e\" data-id=\"c64103e\" data-element_type=\"column\">\n\t\t\t<div class=\"elementor-widget-wrap elementor-element-populated\">\n\t\t\t\t\t\t<div class=\"elementor-element elementor-element-2398156 elementor-widget elementor-widget-heading\" data-id=\"2398156\" data-element_type=\"widget\" data-widget_type=\"heading.default\">\n\t\t\t\t<div class=\"elementor-widget-container\">\n\t\t\t\t\t<h2 class=\"elementor-heading-title elementor-size-default\">Por favor, insira seus dados e entraremos em contato!\n<\/h2>\t\t\t\t<\/div>\n\t\t\t\t<\/div>\n\t\t\t\t<div class=\"elementor-element elementor-element-0979320 elementor-widget elementor-widget-heading\" data-id=\"0979320\" data-element_type=\"widget\" data-widget_type=\"heading.default\">\n\t\t\t\t<div class=\"elementor-widget-container\">\n\t\t\t\t\t<h2 class=\"elementor-heading-title elementor-size-default\">Conte com a nossa experi\u00eancia em oferecer solu\u00e7\u00f5es especialmente pensadas para o seu neg\u00f3cio.<\/h2>\t\t\t\t<\/div>\n\t\t\t\t<\/div>\n\t\t\t\t\t<\/div>\n\t\t<\/div>\n\t\t\t\t\t<\/div>\n\t\t<\/section>\n\t\t\t\t<section data-particle_enable=\"false\" data-particle-mobile-disabled=\"false\" class=\"elementor-section elementor-top-section elementor-element elementor-element-62f342f elementor-section-full_width elementor-section-stretched elementor-section-height-default elementor-section-height-default\" data-id=\"62f342f\" data-element_type=\"section\" data-settings=\"{&quot;stretch_section&quot;:&quot;section-stretched&quot;}\">\n\t\t\t\t\t\t<div class=\"elementor-container elementor-column-gap-default\">\n\t\t\t\t\t<div class=\"elementor-column elementor-col-100 elementor-top-column elementor-element elementor-element-03cc5b7\" data-id=\"03cc5b7\" data-element_type=\"column\">\n\t\t\t<div class=\"elementor-widget-wrap elementor-element-populated\">\n\t\t\t\t\t\t<div class=\"elementor-element elementor-element-7266823 elementor-widget elementor-widget-html\" data-id=\"7266823\" data-element_type=\"widget\" data-widget_type=\"html.default\">\n\t\t\t\t<div class=\"elementor-widget-container\">\n\t\t\t\t\t<div role=\"main\" id=\"orcamento-site-de2ff111ac1bc0daa584\"><\/div><script type=\"text\/javascript\" src=\"https:\/\/d335luupugsy2.cloudfront.net\/js\/rdstation-forms\/stable\/rdstation-forms.min.js\"><\/script><script type=\"text\/javascript\"> new RDStationForms('orcamento-site-de2ff111ac1bc0daa584', 'UA-37770090-2').createForm();<\/script>\n\n<style>\n#rd-form-lf01y6pg input{\n    width: 100%!important;\n}\n.bricks-form__fieldset{\n    \n    width:100%!important;\n}\n<\/style>\t\t\t\t<\/div>\n\t\t\t\t<\/div>\n\t\t\t\t\t<\/div>\n\t\t<\/div>\n\t\t\t\t\t<\/div>\n\t\t<\/section>\n\t\t\t\t<section data-particle_enable=\"false\" data-particle-mobile-disabled=\"false\" class=\"elementor-section elementor-top-section elementor-element elementor-element-930f4be elementor-section-boxed elementor-section-height-default elementor-section-height-default\" data-id=\"930f4be\" data-element_type=\"section\">\n\t\t\t\t\t\t<div class=\"elementor-container elementor-column-gap-default\">\n\t\t\t\t\t<div class=\"elementor-column elementor-col-100 elementor-top-column elementor-element elementor-element-4e31af0\" data-id=\"4e31af0\" data-element_type=\"column\">\n\t\t\t<div class=\"elementor-widget-wrap elementor-element-populated\">\n\t\t\t\t\t\t<div class=\"elementor-element elementor-element-e5598c0 elementor-widget elementor-widget-heading\" data-id=\"e5598c0\" data-element_type=\"widget\" data-widget_type=\"heading.default\">\n\t\t\t\t<div class=\"elementor-widget-container\">\n\t\t\t\t\t<h2 class=\"elementor-heading-title elementor-size-default\">CONSOLIDAMOS PARCERIAS COM NOSSO COMPROMETIMENTO E NOSSA EXPERI\u00caNCIA.<\/h2>\t\t\t\t<\/div>\n\t\t\t\t<\/div>\n\t\t\t\t<div class=\"elementor-element elementor-element-2757835 elementor-widget elementor-widget-heading\" data-id=\"2757835\" data-element_type=\"widget\" data-widget_type=\"heading.default\">\n\t\t\t\t<div class=\"elementor-widget-container\">\n\t\t\t\t\t<h3 class=\"elementor-heading-title elementor-size-small\">H\u00e1 43 anos, a Franco Bachot lidera o mercado de mobili\u00e1rio para neg\u00f3cios de food service e hospitalidade. Conte com o fornecedor de m\u00f3veis mais especializado que sua marca pode ter como parceiro e acelere o crescimento do seu neg\u00f3cio.<\/h3>\t\t\t\t<\/div>\n\t\t\t\t<\/div>\n\t\t\t\t\t<\/div>\n\t\t<\/div>\n\t\t\t\t\t<\/div>\n\t\t<\/section>\n\t\t\t\t<section data-particle_enable=\"false\" data-particle-mobile-disabled=\"false\" class=\"elementor-section elementor-top-section elementor-element elementor-element-7acb9a1 elementor-section-boxed elementor-section-height-default elementor-section-height-default\" data-id=\"7acb9a1\" data-element_type=\"section\">\n\t\t\t\t\t\t<div class=\"elementor-container elementor-column-gap-default\">\n\t\t\t\t\t<div class=\"elementor-column elementor-col-50 elementor-top-column elementor-element elementor-element-c8c8bdc\" data-id=\"c8c8bdc\" data-element_type=\"column\">\n\t\t\t<div class=\"elementor-widget-wrap elementor-element-populated\">\n\t\t\t\t\t\t<div class=\"elementor-element elementor-element-b86b57a elementor-widget elementor-widget-heading\" data-id=\"b86b57a\" data-element_type=\"widget\" data-widget_type=\"heading.default\">\n\t\t\t\t<div class=\"elementor-widget-container\">\n\t\t\t\t\t<h3 class=\"elementor-heading-title elementor-size-small\">N\u00f3s temos variedade de solu\u00e7\u00f5es para atender sua necessidade ao estilo da sua marca.<\/h3>\t\t\t\t<\/div>\n\t\t\t\t<\/div>\n\t\t\t\t<div class=\"elementor-element elementor-element-7b3e740 dce_masking-none elementor-widget elementor-widget-image\" data-id=\"7b3e740\" data-element_type=\"widget\" data-widget_type=\"image.default\">\n\t\t\t\t<div class=\"elementor-widget-container\">\n\t\t\t\t\t\t\t\t\t\t\t\t\t\t\t<img fetchpriority=\"high\" decoding=\"async\" width=\"563\" height=\"427\" src=\"https:\/\/francobachot.com.br\/wp-content\/uploads\/2023\/04\/e3ymppysomo.png\" class=\"attachment-large size-large wp-image-51687\" alt=\"\" srcset=\"https:\/\/francobachot.com.br\/wp-content\/uploads\/2023\/04\/e3ymppysomo.png 563w, https:\/\/francobachot.com.br\/wp-content\/uploads\/2023\/04\/e3ymppysomo-300x228.png 300w, https:\/\/francobachot.com.br\/wp-content\/uploads\/2023\/04\/e3ymppysomo-16x12.png 16w, https:\/\/francobachot.com.br\/wp-content\/uploads\/2023\/04\/e3ymppysomo-400x303.png 400w, https:\/\/francobachot.com.br\/wp-content\/uploads\/2023\/04\/e3ymppysomo-32x24.png 32w, https:\/\/francobachot.com.br\/wp-content\/uploads\/2023\/04\/e3ymppysomo-550x417.png 550w\" sizes=\"(max-width: 563px) 100vw, 563px\" \/>\t\t\t\t\t\t\t\t\t\t\t\t\t\t\t<\/div>\n\t\t\t\t<\/div>\n\t\t\t\t<div class=\"elementor-element elementor-element-cdc2653 elementor-widget elementor-widget-heading\" data-id=\"cdc2653\" data-element_type=\"widget\" data-widget_type=\"heading.default\">\n\t\t\t\t<div class=\"elementor-widget-container\">\n\t\t\t\t\t<h3 class=\"elementor-heading-title elementor-size-default\">A mais ampla linha de produtos, com mais de 200 \u00edtens em cat\u00e1logo, al\u00e9m de customiza\u00e7\u00f5es e desenvolvimentos de produtos personalizados para homologa\u00e7\u00e3o de franqueadoras. <\/h3>\t\t\t\t<\/div>\n\t\t\t\t<\/div>\n\t\t\t\t\t<\/div>\n\t\t<\/div>\n\t\t\t\t<div class=\"elementor-column elementor-col-50 elementor-top-column elementor-element elementor-element-6d2aace\" data-id=\"6d2aace\" data-element_type=\"column\">\n\t\t\t<div class=\"elementor-widget-wrap elementor-element-populated\">\n\t\t\t\t\t\t<div class=\"elementor-element elementor-element-577c9b8 elementor-widget elementor-widget-heading\" data-id=\"577c9b8\" data-element_type=\"widget\" data-widget_type=\"heading.default\">\n\t\t\t\t<div class=\"elementor-widget-container\">\n\t\t\t\t\t<h3 class=\"elementor-heading-title elementor-size-small\">Estrutura e tecnologia de ponta: tranquilidade nossos clientes e conforto para seus consumidores.<\/h3>\t\t\t\t<\/div>\n\t\t\t\t<\/div>\n\t\t\t\t<div class=\"elementor-element elementor-element-d77cbe1 dce_masking-none elementor-widget elementor-widget-image\" data-id=\"d77cbe1\" data-element_type=\"widget\" data-widget_type=\"image.default\">\n\t\t\t\t<div class=\"elementor-widget-container\">\n\t\t\t\t\t\t\t\t\t\t\t\t\t\t\t<img decoding=\"async\" width=\"563\" height=\"427\" src=\"https:\/\/francobachot.com.br\/wp-content\/uploads\/2023\/04\/hfsaegqrk1f.png\" class=\"attachment-large size-large wp-image-51688\" alt=\"\" srcset=\"https:\/\/francobachot.com.br\/wp-content\/uploads\/2023\/04\/hfsaegqrk1f.png 563w, https:\/\/francobachot.com.br\/wp-content\/uploads\/2023\/04\/hfsaegqrk1f-300x228.png 300w, https:\/\/francobachot.com.br\/wp-content\/uploads\/2023\/04\/hfsaegqrk1f-16x12.png 16w, https:\/\/francobachot.com.br\/wp-content\/uploads\/2023\/04\/hfsaegqrk1f-400x303.png 400w, https:\/\/francobachot.com.br\/wp-content\/uploads\/2023\/04\/hfsaegqrk1f-32x24.png 32w, https:\/\/francobachot.com.br\/wp-content\/uploads\/2023\/04\/hfsaegqrk1f-550x417.png 550w\" sizes=\"(max-width: 563px) 100vw, 563px\" \/>\t\t\t\t\t\t\t\t\t\t\t\t\t\t\t<\/div>\n\t\t\t\t<\/div>\n\t\t\t\t<div class=\"elementor-element elementor-element-cb36251 elementor-widget elementor-widget-heading\" data-id=\"cb36251\" data-element_type=\"widget\" data-widget_type=\"heading.default\">\n\t\t\t\t<div class=\"elementor-widget-container\">\n\t\t\t\t\t<h3 class=\"elementor-heading-title elementor-size-default\">Conhecer para confiar. Esse \u00e9 o nosso convite, pois contamos com a mais moderna instala\u00e7\u00e3o industrial do segmento no Brasil. A Franco Bachot \u00e9 um ponto de apoio para a expan\u00e7\u00e3o dos seus neg\u00f3cios.<\/h3>\t\t\t\t<\/div>\n\t\t\t\t<\/div>\n\t\t\t\t\t<\/div>\n\t\t<\/div>\n\t\t\t\t\t<\/div>\n\t\t<\/section>\n\t\t\t\t<section data-particle_enable=\"false\" data-particle-mobile-disabled=\"false\" class=\"elementor-section elementor-top-section elementor-element elementor-element-c87cb5c elementor-section-boxed elementor-section-height-default elementor-section-height-default\" data-id=\"c87cb5c\" data-element_type=\"section\">\n\t\t\t\t\t\t<div class=\"elementor-container elementor-column-gap-default\">\n\t\t\t\t\t<div class=\"elementor-column elementor-col-100 elementor-top-column elementor-element elementor-element-383939f\" data-id=\"383939f\" data-element_type=\"column\">\n\t\t\t<div class=\"elementor-widget-wrap elementor-element-populated\">\n\t\t\t\t\t\t<div class=\"elementor-element elementor-element-191a3d9 elementor-widget elementor-widget-heading\" data-id=\"191a3d9\" data-element_type=\"widget\" data-widget_type=\"heading.default\">\n\t\t\t\t<div class=\"elementor-widget-container\">\n\t\t\t\t\t<h2 class=\"elementor-heading-title elementor-size-default\">MUITAS DAS PRINCIPAIS MARCAS DO MERCADO J\u00c1 UTILIZAM AS NOSSAS SOLU\u00c7\u00d5ES DE MOBILI\u00c1RIO:<\/h2>\t\t\t\t<\/div>\n\t\t\t\t<\/div>\n\t\t\t\t<div class=\"elementor-element elementor-element-d79bf5c dce_masking-none elementor-widget elementor-widget-image\" data-id=\"d79bf5c\" data-element_type=\"widget\" data-widget_type=\"image.default\">\n\t\t\t\t<div class=\"elementor-widget-container\">\n\t\t\t\t\t\t\t\t\t\t\t\t\t\t\t<img decoding=\"async\" width=\"1024\" height=\"788\" src=\"https:\/\/francobachot.com.br\/wp-content\/uploads\/2025\/06\/alguns-clientes-franco-bachot-jun-2025-1024x788.jpg\" class=\"attachment-large size-large wp-image-53386\" alt=\"Principais marcas do food service utilizam m\u00f3veis Franco Bachot\" srcset=\"https:\/\/francobachot.com.br\/wp-content\/uploads\/2025\/06\/alguns-clientes-franco-bachot-jun-2025-1024x788.jpg 1024w, https:\/\/francobachot.com.br\/wp-content\/uploads\/2025\/06\/alguns-clientes-franco-bachot-jun-2025-300x231.jpg 300w, https:\/\/francobachot.com.br\/wp-content\/uploads\/2025\/06\/alguns-clientes-franco-bachot-jun-2025-768x591.jpg 768w, https:\/\/francobachot.com.br\/wp-content\/uploads\/2025\/06\/alguns-clientes-franco-bachot-jun-2025-1536x1182.jpg 1536w, https:\/\/francobachot.com.br\/wp-content\/uploads\/2025\/06\/alguns-clientes-franco-bachot-jun-2025-16x12.jpg 16w, https:\/\/francobachot.com.br\/wp-content\/uploads\/2025\/06\/alguns-clientes-franco-bachot-jun-2025-400x308.jpg 400w, https:\/\/francobachot.com.br\/wp-content\/uploads\/2025\/06\/alguns-clientes-franco-bachot-jun-2025-32x25.jpg 32w, https:\/\/francobachot.com.br\/wp-content\/uploads\/2025\/06\/alguns-clientes-franco-bachot-jun-2025-800x616.jpg 800w, https:\/\/francobachot.com.br\/wp-content\/uploads\/2025\/06\/alguns-clientes-franco-bachot-jun-2025-550x423.jpg 550w, https:\/\/francobachot.com.br\/wp-content\/uploads\/2025\/06\/alguns-clientes-franco-bachot-jun-2025.jpg 1600w\" sizes=\"(max-width: 1024px) 100vw, 1024px\" \/>\t\t\t\t\t\t\t\t\t\t\t\t\t\t\t<\/div>\n\t\t\t\t<\/div>\n\t\t\t\t\t<\/div>\n\t\t<\/div>\n\t\t\t\t\t<\/div>\n\t\t<\/section>\n\t\t\t\t<section data-particle_enable=\"false\" data-particle-mobile-disabled=\"false\" class=\"elementor-section elementor-top-section elementor-element elementor-element-c8edd31 elementor-section-boxed elementor-section-height-default elementor-section-height-default\" data-id=\"c8edd31\" data-element_type=\"section\" data-settings=\"{&quot;background_background&quot;:&quot;classic&quot;}\">\n\t\t\t\t\t\t<div class=\"elementor-container elementor-column-gap-default\">\n\t\t\t\t\t<div class=\"elementor-column elementor-col-100 elementor-top-column elementor-element elementor-element-363012c\" data-id=\"363012c\" data-element_type=\"column\">\n\t\t\t<div class=\"elementor-widget-wrap elementor-element-populated\">\n\t\t\t\t\t\t<div class=\"elementor-element elementor-element-c0aec8d elementor-widget elementor-widget-html\" data-id=\"c0aec8d\" data-element_type=\"widget\" data-widget_type=\"html.default\">\n\t\t\t\t<div class=\"elementor-widget-container\">\n\t\t\t\t\t<script src=\"https:\/\/unpkg.com\/blip-chat-widget\" type=\"text\/javascript\"><\/script>\n<script>\n    (function () {\n        window.onload = function () {\n\n            function getParament( parametro ){\n\n                const url = new URL(window.location.href);\n                const params = new URLSearchParams(url.search);\n                let traffic = params.get( parametro );\n                if (!traffic || traffic.length === 0 ) {\n                    traffic = \"Site Franco Bachot\"\n                }\n                return traffic;\n            }\n            new BlipChat()\n                .withAppKey('ZnJhbmNvYmFjaG90cm91dGVyOjQ0MmQ0OTQ2LTY5NGYtNDkzYS1hNmU2LWM5YTE0YThhODE1OQ==')\n                .withButton({\"color\":\"#bdbdbd\",\"icon\":\"https:\/\/blipmediastore.blob.core.windows.net\/public-medias\/Media_6ec493cd-c3e3-4ad2-8092-a71dda3c6298\"})\n                .withCustomCommonUrl('https:\/\/francobachot.chat.blip.ai\/')\n                .withAccount({\n                    extras:{\n                        trafficSource: getParament( 'utm_source' ),\n                        trafficMedium: getParament( 'utm_medium' ),\n                        trafficCampaign: getParament( 'utm_campaign' ),\n                        trafficID: getParament( 'utm_id' ),\n                        trafficTerm: getParament( 'utm_term' ),\n                        trafficContent: getParament( 'utm_content' ),\n                        trafficChannel: getParament( 'utm_channel' ),\n                        trafficValue: getParament( 'utm_value' ),\n                        trafficSourceId: getParament( 'utm_source_id' ),\n                    }\n                })\n                .build();\n        }\n    })();\n<\/script>\n            \t\t\t\t<\/div>\n\t\t\t\t<\/div>\n\t\t\t\t<div class=\"elementor-element elementor-element-2cd1356 elementor-widget elementor-widget-heading\" data-id=\"2cd1356\" data-element_type=\"widget\" data-widget_type=\"heading.default\">\n\t\t\t\t<div class=\"elementor-widget-container\">\n\t\t\t\t\t<h2 class=\"elementor-heading-title elementor-size-default\">Fale com especialista da Franco Bachot.<\/h2>\t\t\t\t<\/div>\n\t\t\t\t<\/div>\n\t\t\t\t\t<\/div>\n\t\t<\/div>\n\t\t\t\t\t<\/div>\n\t\t<\/section>\n\t\t\t\t<\/div>","protected":false},"excerpt":{"rendered":"<p>Por favor, insira seus dados e entraremos em contato! Conte com a nossa experi\u00eancia em oferecer solu\u00e7\u00f5es especialmente pensadas para o seu neg\u00f3cio. CONSOLIDAMOS PARCERIAS COM NOSSO COMPROMETIMENTO E NOSSA EXPERI\u00caNCIA. H\u00e1 43 anos, a Franco Bachot lidera o mercado de mobili\u00e1rio para neg\u00f3cios de food service e hospitalidade. Conte com o fornecedor de m\u00f3veis mais especializado que sua marca pode ter como parceiro e acelere o crescimento do seu neg\u00f3cio. N\u00f3s temos variedade de solu\u00e7\u00f5es para atender sua necessidade ao estilo da sua marca. A mais ampla linha de produtos, com mais de 200 \u00edtens em cat\u00e1logo, al\u00e9m de [&hellip;]<\/p>","protected":false},"author":68,"featured_media":0,"parent":0,"menu_order":0,"comment_status":"closed","ping_status":"closed","template":"","meta":{"_acf_changed":false,"footnotes":""},"class_list":["post-51663","page","type-page","status-publish","hentry"],"acf":[],"yoast_head":"<!-- This site is optimized with the Yoast SEO Premium plugin v15.0 - https:\/\/yoast.com\/wordpress\/plugins\/seo\/ -->\n<title>Solicite um or\u00e7amento - Franco Bachot<\/title>\n<meta name=\"robots\" content=\"index, follow, max-snippet:-1, max-image-preview:large, max-video-preview:-1\" \/>\n<link rel=\"canonical\" href=\"https:\/\/francobachot.com.br\/en\/solicite-um-orcamento\/\" \/>\n<meta property=\"og:locale\" content=\"en_US\" \/>\n<meta property=\"og:type\" content=\"article\" \/>\n<meta property=\"og:title\" content=\"Solicite um or\u00e7amento - Franco Bachot\" \/>\n<meta property=\"og:description\" content=\"Por favor, insira seus dados e entraremos em contato! Conte com a nossa experi\u00eancia em oferecer solu\u00e7\u00f5es especialmente pensadas para o seu neg\u00f3cio. CONSOLIDAMOS PARCERIAS COM NOSSO COMPROMETIMENTO E NOSSA EXPERI\u00caNCIA. H\u00e1 43 anos, a Franco Bachot lidera o mercado de mobili\u00e1rio para neg\u00f3cios de food service e hospitalidade. Conte com o fornecedor de m\u00f3veis mais especializado que sua marca pode ter como parceiro e acelere o crescimento do seu neg\u00f3cio. N\u00f3s temos variedade de solu\u00e7\u00f5es para atender sua necessidade ao estilo da sua marca. A mais ampla linha de produtos, com mais de 200 \u00edtens em cat\u00e1logo, al\u00e9m de [&hellip;]\" \/>\n<meta property=\"og:url\" content=\"https:\/\/francobachot.com.br\/en\/solicite-um-orcamento\/\" \/>\n<meta property=\"og:site_name\" content=\"Franco Bachot\" \/>\n<meta property=\"article:modified_time\" content=\"2025-06-17T19:27:12+00:00\" \/>\n<meta property=\"og:image\" content=\"http:\/\/francobachot.com.br\/wp-content\/uploads\/2023\/04\/e3ymppysomo.png\" \/>\n<meta name=\"twitter:card\" content=\"summary_large_image\" \/>\n<script type=\"application\/ld+json\" class=\"yoast-schema-graph\">{\"@context\":\"https:\/\/schema.org\",\"@graph\":[{\"@type\":\"WebSite\",\"@id\":\"https:\/\/francobachot.com.br\/en\/#website\",\"url\":\"https:\/\/francobachot.com.br\/en\/\",\"name\":\"Franco Bachot\",\"description\":\"\",\"potentialAction\":[{\"@type\":\"SearchAction\",\"target\":\"https:\/\/francobachot.com.br\/en\/?s={search_term_string}\",\"query-input\":\"required name=search_term_string\"}],\"inLanguage\":\"en-US\"},{\"@type\":\"ImageObject\",\"@id\":\"https:\/\/francobachot.com.br\/en\/solicite-um-orcamento\/#primaryimage\",\"inLanguage\":\"en-US\",\"url\":\"http:\/\/francobachot.com.br\/wp-content\/uploads\/2023\/04\/e3ymppysomo.png\"},{\"@type\":\"WebPage\",\"@id\":\"https:\/\/francobachot.com.br\/en\/solicite-um-orcamento\/#webpage\",\"url\":\"https:\/\/francobachot.com.br\/en\/solicite-um-orcamento\/\",\"name\":\"Solicite um or\\u00e7amento - Franco Bachot\",\"isPartOf\":{\"@id\":\"https:\/\/francobachot.com.br\/en\/#website\"},\"primaryImageOfPage\":{\"@id\":\"https:\/\/francobachot.com.br\/en\/solicite-um-orcamento\/#primaryimage\"},\"datePublished\":\"2023-04-06T18:06:30+00:00\",\"dateModified\":\"2025-06-17T19:27:12+00:00\",\"inLanguage\":\"en-US\",\"potentialAction\":[{\"@type\":\"ReadAction\",\"target\":[\"https:\/\/francobachot.com.br\/en\/solicite-um-orcamento\/\"]}]}]}<\/script>\n<!-- \/ Yoast SEO Premium plugin. -->","_links":{"self":[{"href":"https:\/\/francobachot.com.br\/en\/wp-json\/wp\/v2\/pages\/51663","targetHints":{"allow":["GET"]}}],"collection":[{"href":"https:\/\/francobachot.com.br\/en\/wp-json\/wp\/v2\/pages"}],"about":[{"href":"https:\/\/francobachot.com.br\/en\/wp-json\/wp\/v2\/types\/page"}],"author":[{"embeddable":true,"href":"https:\/\/francobachot.com.br\/en\/wp-json\/wp\/v2\/users\/68"}],"replies":[{"embeddable":true,"href":"https:\/\/francobachot.com.br\/en\/wp-json\/wp\/v2\/comments?post=51663"}],"version-history":[{"count":115,"href":"https:\/\/francobachot.com.br\/en\/wp-json\/wp\/v2\/pages\/51663\/revisions"}],"predecessor-version":[{"id":53420,"href":"https:\/\/francobachot.com.br\/en\/wp-json\/wp\/v2\/pages\/51663\/revisions\/53420"}],"wp:attachment":[{"href":"https:\/\/francobachot.com.br\/en\/wp-json\/wp\/v2\/media?parent=51663"}],"curies":[{"name":"wp","href":"https:\/\/api.w.org\/{rel}","templated":true}]}}