{"id":42461,"date":"2020-12-15T17:35:43","date_gmt":"2020-12-15T17:35:43","guid":{"rendered":"https:\/\/homolog.francobachot.com.br\/?page_id=42461"},"modified":"2022-04-22T20:36:12","modified_gmt":"2022-04-22T20:36:12","slug":"area-restrita-franco-bachot","status":"publish","type":"page","link":"https:\/\/francobachot.com.br\/en\/area-restrita-franco-bachot\/","title":{"rendered":"\u00c1rea restrita"},"content":{"rendered":"<div data-elementor-type=\"wp-page\" data-elementor-id=\"42461\" class=\"elementor elementor-42461\" data-elementor-post-type=\"page\">\n\t\t\t\t\t\t<section data-particle_enable=\"false\" data-particle-mobile-disabled=\"false\" data-dce-background-color=\"#EAEDEF\" class=\"elementor-section elementor-top-section elementor-element elementor-element-e633570 elementor-section-content-middle elementor-section-stretched elementor-section-boxed elementor-section-height-default elementor-section-height-default\" data-id=\"e633570\" data-element_type=\"section\" data-settings=\"{&quot;background_background&quot;:&quot;classic&quot;,&quot;stretch_section&quot;:&quot;section-stretched&quot;}\">\n\t\t\t\t\t\t<div class=\"elementor-container elementor-column-gap-default\">\n\t\t\t\t\t<div class=\"elementor-column elementor-col-100 elementor-top-column elementor-element elementor-element-b7b2b11\" data-id=\"b7b2b11\" data-element_type=\"column\">\n\t\t\t<div class=\"elementor-widget-wrap elementor-element-populated\">\n\t\t\t\t\t\t<div class=\"elementor-element elementor-element-ceae4da p-14 elementor-invisible elementor-widget elementor-widget-text-editor\" data-id=\"ceae4da\" data-element_type=\"widget\" data-settings=\"{&quot;_animation&quot;:&quot;fadeInLeft&quot;}\" data-widget_type=\"text-editor.default\">\n\t\t\t\t<div class=\"elementor-widget-container\">\n\t\t\t\t\t\t\t\t\tBem vindo a \u00e1rea restrita da Franco Bachot!\t\t\t\t\t\t\t\t<\/div>\n\t\t\t\t<\/div>\n\t\t\t\t\t<\/div>\n\t\t<\/div>\n\t\t\t\t\t<\/div>\n\t\t<\/section>\n\t\t\t\t<section data-particle_enable=\"false\" data-particle-mobile-disabled=\"false\" class=\"elementor-section elementor-top-section elementor-element elementor-element-1d5a258 elementor-section-boxed elementor-section-height-default elementor-section-height-default\" data-id=\"1d5a258\" data-element_type=\"section\">\n\t\t\t\t\t\t<div class=\"elementor-container elementor-column-gap-default\">\n\t\t\t\t\t<div class=\"elementor-column elementor-col-100 elementor-top-column elementor-element elementor-element-336cca3\" data-id=\"336cca3\" data-element_type=\"column\">\n\t\t\t<div class=\"elementor-widget-wrap elementor-element-populated\">\n\t\t\t\t\t\t<div class=\"elementor-element elementor-element-9b76856 elementor-widget elementor-widget-shortcode\" data-id=\"9b76856\" data-element_type=\"widget\" data-widget_type=\"shortcode.default\">\n\t\t\t\t<div class=\"elementor-widget-container\">\n\t\t\t\t\t\t\t<div class=\"elementor-shortcode\">\n\t\t<!-- Shortcode: ] List Run: #1 --><\/div>\n\t\t\t\t\t\t<\/div>\n\t\t\t\t<\/div>\n\t\t\t\t<div class=\"elementor-element elementor-element-16d6856 elementor-widget elementor-widget-login\" data-id=\"16d6856\" data-element_type=\"widget\" data-widget_type=\"login.default\">\n\t\t\t\t<div class=\"elementor-widget-container\">\n\t\t\t\t\t\t\t<form class=\"elementor-login elementor-form\" method=\"post\" action=\"https:\/\/francobachot.com.br\/admin-franco\">\n\t\t\t<input type=\"hidden\" name=\"redirect_to\" value=\"\/area-restrita-franco-bachot\/\">\n\t\t\t<div class=\"elementor-form-fields-wrapper\">\n\t\t\t\t<div class=\"elementor-field-type-text elementor-field-group elementor-column elementor-col-100 elementor-field-required\">\n\t\t\t\t\t<label for=\"user-16d6856\" class=\"elementor-field-label elementor-screen-only\">Username or Email Address<\/label>\n\t\t\t\t\t<input size=\"1\" type=\"text\" name=\"log\" id=\"user-16d6856\" placeholder=\"Email\" class=\"elementor-field elementor-field-textual elementor-size-sm\">\n\t\t\t\t<\/div>\n\t\t\t\t<div class=\"elementor-field-type-text elementor-field-group elementor-column elementor-col-100 elementor-field-required\">\n\t\t\t\t\t<label for=\"password-16d6856\" class=\"elementor-field-label elementor-screen-only\">Password<\/label>\n\t\t\t\t\t<input size=\"1\" type=\"password\" name=\"pwd\" id=\"password-16d6856\" placeholder=\"Senha\" class=\"elementor-field elementor-field-textual elementor-size-sm\">\n\t\t\t\t<\/div>\n\n\t\t\t\t\n\t\t\t\t<div class=\"elementor-field-group elementor-column elementor-field-type-submit elementor-col-100\">\n\t\t\t\t\t<button type=\"submit\" class=\"elementor-size-md elementor-button\" name=\"wp-submit\">\n\t\t\t\t\t\t\t\t\t\t\t\t\t\t\t<span class=\"elementor-button-text\">Acessar \u00e1rea restrita<\/span>\n\t\t\t\t\t\t\t\t\t\t\t\t<\/button>\n\t\t\t\t<\/div>\n\n\t\t\t\t\t\t\t\t\t<div class=\"elementor-field-group elementor-column elementor-col-100\">\n\t\t\t\t\t\t\t\t\t\t\t\t\t\t\t\t\t\t\t\t<a class=\"elementor-lost-password\" href=\"https:\/\/francobachot.com.br\/en\/lost-password\/\">\n\t\t\t\t\t\t\t\tLost your password?\t\t\t\t\t\t\t<\/a>\n\t\t\t\t\t\t\n\t\t\t\t\t\t\t\t\t\t\t<\/div>\n\t\t\t\t\t\t\t<\/div>\n\t\t<\/form>\n\t\t\t\t\t\t<\/div>\n\t\t\t\t<\/div>\n\t\t\t\t\t<\/div>\n\t\t<\/div>\n\t\t\t\t\t<\/div>\n\t\t<\/section>\n\t\t\t\t<section data-particle_enable=\"false\" data-particle-mobile-disabled=\"false\" data-dce-background-color=\"#242424\" class=\"elementor-section elementor-top-section elementor-element elementor-element-934a453 elementor-section-full_width elementor-section-stretched elementor-section-height-default elementor-section-height-default\" data-id=\"934a453\" data-element_type=\"section\" data-settings=\"{&quot;stretch_section&quot;:&quot;section-stretched&quot;,&quot;background_background&quot;:&quot;classic&quot;}\">\n\t\t\t\t\t\t<div class=\"elementor-container elementor-column-gap-no\">\n\t\t\t\t\t<div class=\"elementor-column elementor-col-100 elementor-top-column elementor-element elementor-element-e7940f7\" data-id=\"e7940f7\" data-element_type=\"column\">\n\t\t\t<div class=\"elementor-widget-wrap elementor-element-populated\">\n\t\t\t\t\t\t<div class=\"elementor-element elementor-element-5e072dd p-14 elementor-invisible elementor-widget elementor-widget-text-editor\" data-id=\"5e072dd\" data-element_type=\"widget\" data-settings=\"{&quot;_animation&quot;:&quot;fadeInLeft&quot;}\" data-widget_type=\"text-editor.default\">\n\t\t\t\t<div class=\"elementor-widget-container\">\n\t\t\t\t\t\t\t\t\t<p><span style=\"color: #ffffff;\">Nunca compartilhe os arquivos acima sem a autoriza\u00e7\u00e3o e consentimento da Franco Bachot.<\/span><\/p>\t\t\t\t\t\t\t\t<\/div>\n\t\t\t\t<\/div>\n\t\t\t\t\t<\/div>\n\t\t<\/div>\n\t\t\t\t\t<\/div>\n\t\t<\/section>\n\t\t\t\t<\/div>","protected":false},"excerpt":{"rendered":"<p>Bem vindo a \u00e1rea restrita da Franco Bachot! Nunca compartilhe os arquivos acima sem a autoriza\u00e7\u00e3o e consentimento da Franco Bachot.<\/p>","protected":false},"author":68,"featured_media":0,"parent":0,"menu_order":0,"comment_status":"closed","ping_status":"closed","template":"","meta":{"_acf_changed":false,"footnotes":""},"class_list":["post-42461","page","type-page","status-publish","hentry"],"acf":[],"yoast_head":"<!-- This site is optimized with the Yoast SEO Premium plugin v15.0 - https:\/\/yoast.com\/wordpress\/plugins\/seo\/ -->\n<title>\u00c1rea restrita - Franco Bachot<\/title>\n<meta name=\"robots\" content=\"index, follow, max-snippet:-1, max-image-preview:large, max-video-preview:-1\" \/>\n<link rel=\"canonical\" href=\"https:\/\/francobachot.com.br\/en\/area-restrita-franco-bachot\/\" \/>\n<meta property=\"og:locale\" content=\"en_US\" \/>\n<meta property=\"og:type\" content=\"article\" \/>\n<meta property=\"og:title\" content=\"\u00c1rea restrita - Franco Bachot\" \/>\n<meta property=\"og:description\" content=\"Bem vindo a \u00e1rea restrita da Franco Bachot! Nunca compartilhe os arquivos acima sem a autoriza\u00e7\u00e3o e consentimento da Franco Bachot.\" \/>\n<meta property=\"og:url\" content=\"https:\/\/francobachot.com.br\/en\/area-restrita-franco-bachot\/\" \/>\n<meta property=\"og:site_name\" content=\"Franco Bachot\" \/>\n<meta property=\"article:modified_time\" content=\"2022-04-22T20:36:12+00:00\" \/>\n<meta name=\"twitter:card\" content=\"summary_large_image\" \/>\n<script type=\"application\/ld+json\" class=\"yoast-schema-graph\">{\"@context\":\"https:\/\/schema.org\",\"@graph\":[{\"@type\":\"WebSite\",\"@id\":\"https:\/\/francobachot.com.br\/en\/#website\",\"url\":\"https:\/\/francobachot.com.br\/en\/\",\"name\":\"Franco Bachot\",\"description\":\"\",\"potentialAction\":[{\"@type\":\"SearchAction\",\"target\":\"https:\/\/francobachot.com.br\/en\/?s={search_term_string}\",\"query-input\":\"required name=search_term_string\"}],\"inLanguage\":\"en-US\"},{\"@type\":\"WebPage\",\"@id\":\"https:\/\/francobachot.com.br\/en\/area-restrita-franco-bachot\/#webpage\",\"url\":\"https:\/\/francobachot.com.br\/en\/area-restrita-franco-bachot\/\",\"name\":\"\\u00c1rea restrita - Franco Bachot\",\"isPartOf\":{\"@id\":\"https:\/\/francobachot.com.br\/en\/#website\"},\"datePublished\":\"2020-12-15T17:35:43+00:00\",\"dateModified\":\"2022-04-22T20:36:12+00:00\",\"inLanguage\":\"en-US\",\"potentialAction\":[{\"@type\":\"ReadAction\",\"target\":[\"https:\/\/francobachot.com.br\/en\/area-restrita-franco-bachot\/\"]}]}]}<\/script>\n<!-- \/ Yoast SEO Premium plugin. -->","_links":{"self":[{"href":"https:\/\/francobachot.com.br\/en\/wp-json\/wp\/v2\/pages\/42461","targetHints":{"allow":["GET"]}}],"collection":[{"href":"https:\/\/francobachot.com.br\/en\/wp-json\/wp\/v2\/pages"}],"about":[{"href":"https:\/\/francobachot.com.br\/en\/wp-json\/wp\/v2\/types\/page"}],"author":[{"embeddable":true,"href":"https:\/\/francobachot.com.br\/en\/wp-json\/wp\/v2\/users\/68"}],"replies":[{"embeddable":true,"href":"https:\/\/francobachot.com.br\/en\/wp-json\/wp\/v2\/comments?post=42461"}],"version-history":[{"count":0,"href":"https:\/\/francobachot.com.br\/en\/wp-json\/wp\/v2\/pages\/42461\/revisions"}],"wp:attachment":[{"href":"https:\/\/francobachot.com.br\/en\/wp-json\/wp\/v2\/media?parent=42461"}],"curies":[{"name":"wp","href":"https:\/\/api.w.org\/{rel}","templated":true}]}}